{"id":554,"date":"2015-10-22T08:57:57","date_gmt":"2015-10-22T07:57:57","guid":{"rendered":"http:\/\/startit.select-themes.com\/?page_id=554"},"modified":"2019-10-25T16:13:36","modified_gmt":"2019-10-25T14:13:36","slug":"faq","status":"publish","type":"page","link":"https:\/\/one.accountpay.de\/en\/faq\/","title":{"rendered":"FAQ"},"content":{"rendered":"<p>[vc_row content_width=&#8220;grid&#8220; content_aligment=&#8220;center&#8220; css=&#8220;.vc_custom_1445506120301{padding-top: 64px !important;padding-bottom: 63px !important;}&#8220;][vc_column][vc_empty_space height=&#8220;132px&#8220;][vc_column_text]<\/p>\n<h1>AccountOne<\/h1>\n<p>[\/vc_column_text][vc_empty_space height=&#8220;20px&#8220;][vc_column_text]<\/p>\n<h4>Wir haben f\u00fcr euch die h\u00e4ufigsten Fragen zusammen gestellt und beantwortet.<\/h4>\n<p>[\/vc_column_text][\/vc_column][\/vc_row][vc_row content_width=&#8220;grid&#8220; css=&#8220;.vc_custom_1445505819326{padding-bottom: 49px !important;}&#8220;][vc_column][qodef_accordion style=&#8220;boxed_toggle&#8220;][qodef_accordion_tab title=&#8220;Was macht AccountOne&#8220; title_tag=&#8220;h6&#8243;][vc_column_text]<img loading=\"lazy\" class=\"alignleft wp-image-585 size-full\" src=\"https:\/\/one.accountpay.de\/wp-content\/uploads\/2015\/10\/accordion-image-1.jpg\" alt=\"a\" width=\"270\" height=\"165\" \/>[\/vc_column_text][vc_empty_space height=&#8220;40px&#8220;][\/qodef_accordion_tab][qodef_accordion_tab title=&#8220;Wer sollte AccountOne verwenden? Ich oder mein Steuerberater?&#8220; title_tag=&#8220;h6&#8243;][vc_column_text]<img loading=\"lazy\" class=\"alignleft wp-image-586 size-full\" src=\"https:\/\/one.accountpay.de\/wp-content\/uploads\/2015\/10\/accordion-image-2.jpg\" alt=\"a\" width=\"270\" height=\"165\" \/>Sowohl\u00a0H\u00e4ndler, als auch Steuerberater k\u00f6nnen AccountOne verwenden. Hierbei kommt es darauf an, wer die Buchhaltung und die Abwicklung der Steuern vornimmt. Als Steuerberater kann AccountOne auch als sinnvolle Erg\u00e4nzung zum Warenwirtschaftssystem des Mandanten verwendet werden.[\/vc_column_text][vc_empty_space height=&#8220;40px&#8220;][\/qodef_accordion_tab][qodef_accordion_tab title=&#8220;Wie lange braucht es bis ich mit AccountOne starten kann?&#8220; title_tag=&#8220;h6&#8243;][vc_column_text]<img loading=\"lazy\" class=\"alignleft wp-image-587 size-full\" src=\"https:\/\/one.accountpay.de\/wp-content\/uploads\/2015\/10\/accordion-image-3.jpg\" alt=\"a\" width=\"270\" height=\"165\" \/>Zu aller erst muss die Registrierung bei uns erfolgen. Das kannst du einfach <a href=\"https:\/\/one.accountpay.de\/en\/registrierung\/\" target=\"_blank\" rel=\"noopener noreferrer\">hier <\/a>machen. Anschlie\u00dfend wird sich ein Mitarbeiter von uns mit dir in Verbindung setzen und die erste Einrichtung begleiten. Hierf\u00fcr ben\u00f6tigst du den Amazon AWS Key. Wie du den erh\u00e4lst erf\u00e4hrst du aus der Email nach der Registrierung. Anschlie\u00dfend werden die Stammdaten wie Sach- und Personenkonten hinterlegt und AccountOne starten schon mit dem Sammeln der Daten. Je nach Menge der Daten kannst du bereits am Folgetag deine Daten herunterladen.[\/vc_column_text][vc_empty_space height=&#8220;40px&#8220;][\/qodef_accordion_tab][qodef_accordion_tab title=&#8220;Kann AccountOne die Daten auch R\u00fcckwirkend ermitteln?&#8220; title_tag=&#8220;h6&#8243;][vc_column_text]<img loading=\"lazy\" class=\"alignleft wp-image-588 size-full\" src=\"https:\/\/one.accountpay.de\/wp-content\/uploads\/2015\/10\/accordion-image-4.jpg\" alt=\"a\" width=\"270\" height=\"165\" \/>Ja &#8211; AccountOne kann die Daten ab dem 01.01.2017 r\u00fcckwirkend ermitteln. F\u00fcr davor liegende Daten k\u00f6nnen wir einen manuellen Import vornehmen, spreche uns dazu bitte einfach an.[\/vc_column_text][vc_empty_space height=&#8220;40px&#8220;][\/qodef_accordion_tab][qodef_accordion_tab title=&#8220;Kann AccountOne meine Umsatzsteuer im Ausland anmelden?&#8220; title_tag=&#8220;h6&#8243;][vc_column_text]<img loading=\"lazy\" class=\"alignnone wp-image-589 size-full alignleft\" src=\"https:\/\/one.accountpay.de\/wp-content\/uploads\/2015\/10\/accordion-image-5.jpg\" alt=\"a\" width=\"270\" height=\"165\" \/>Wir verf\u00fcgen \u00fcber ein Hausinternes Netzwerk aus Steuerberatern, welches wir f\u00fcr die VAT Compliance nutzen. Unsere\u00a0Export sind auf dieses Netzwerk abgestimmt und sorgen f\u00fcr einen Reibungslosen Datenaustausch.[\/vc_column_text][vc_empty_space height=&#8220;40px&#8220;][\/qodef_accordion_tab][qodef_accordion_tab title=&#8220;Kann ich auch erm\u00e4\u00dfigte Steuers\u00e4tze im Ausland nutzen?&#8220; title_tag=&#8220;h6&#8243;][vc_column_text]<img loading=\"lazy\" class=\"alignnone wp-image-591 size-full alignleft\" src=\"https:\/\/one.accountpay.de\/wp-content\/uploads\/2015\/10\/accordion-image-7.jpg\" alt=\"a\" width=\"270\" height=\"165\" \/>Ja wir haben f\u00fcr jedes europ\u00e4ische Land die Steuers\u00e4tze hinterlegt. Du kannst also f\u00fcr jedes Produkt und Land einen eigenen Steuersatz hinterlegen. Dies erfolgt einfach durch Auswahl in einer \u00fcbersichtlichen Tabelle. Alternativ kannst du auch f\u00fcr alle L\u00e4nder gleichzeitig einen Steuersatz ausw\u00e4hlen. Das spart Zeit und Nerven.[\/vc_column_text][vc_empty_space height=&#8220;40px&#8220;][\/qodef_accordion_tab][qodef_accordion_tab title=&#8220;Die Lieferschwelle wurde in einem Land \u00fcberschritten, was muss ich tun?&#8220; title_tag=&#8220;h6&#8243;][vc_column_text]<img loading=\"lazy\" class=\"alignnone wp-image-590 size-full alignleft\" src=\"https:\/\/one.accountpay.de\/wp-content\/uploads\/2015\/10\/accordion-image-6.jpg\" alt=\"a\" width=\"270\" height=\"165\" \/>Wenn du nur bei Amazon handelst &#8211; Nichts! AccountOne erkennt die die \u00dcbertretung sofort und \u00e4ndert selbstst\u00e4ndig das zust\u00e4ndige Steuerland. Wenn du auch auf anderen Kan\u00e4len Verk\u00e4ufe t\u00e4tigst, achte bitte darauf dass die Besteuerung dort auch ge\u00e4ndert wird.\u00a0Sobald deine Lieferschwelle zu 90% ausgesch\u00f6pft ist, wirst du von AccountOne darauf hingewiesen und kannst rechtzeitig alle Schritte vorbereiten. Gerne unterst\u00fctzen wir dich dabei.[\/vc_column_text][vc_empty_space height=&#8220;40px&#8220;][\/qodef_accordion_tab][\/qodef_accordion][\/vc_column][\/vc_row][vc_row content_width=&#8220;grid&#8220; content_aligment=&#8220;center&#8220;][vc_column width=&#8220;1\/2&#8243; offset=&#8220;vc_col-lg-3 vc_col-md-6&#8243;][qodef_elements_holder][qodef_elements_holder_item background_image=&#8220;561&#8243; item_padding=&#8220;51px 10px 62px 10px&#8220; horizontal_aligment=&#8220;center&#8220; vertical_alignment=&#8220;middle&#8220; hover_animation=&#8220;default&#8220;][qodef_icon icon_pack=&#8220;simple_line_icons&#8220; simple_line_icons=&#8220;icon-envelope&#8220; size=&#8220;qodef-icon-tiny&#8220; custom_size=&#8220;47&#8243; type=&#8220;normal&#8220; icon_animation=&#8220;&#8220; link=&#8220;https:\/\/one.accountpay.de\/kontakt&#8220; target=&#8220;_self&#8220; icon_color=&#8220;#ffffff&#8220; hover_icon_color=&#8220;#ffffff&#8220;][vc_empty_space height=&#8220;10px&#8220;][vc_column_text]<\/p>\n<h6><span style=\"color: #ffffff;\">Contact Us<\/span><\/h6>\n<p>[\/vc_column_text][\/qodef_elements_holder_item][\/qodef_elements_holder][vc_empty_space height=&#8220;27px&#8220;][vc_column_text]Wenn du weitere Fragen hast, kontaktiere uns einfach![\/vc_column_text][vc_empty_space height=&#8220;60px&#8220;][\/vc_column][vc_column width=&#8220;1\/2&#8243; offset=&#8220;vc_col-lg-3 vc_col-md-6&#8243;][qodef_elements_holder][qodef_elements_holder_item background_image=&#8220;563&#8243; item_padding=&#8220;51px 10px 62px 10px&#8220; horizontal_aligment=&#8220;center&#8220; vertical_alignment=&#8220;middle&#8220; hover_animation=&#8220;default&#8220;][qodef_icon icon_pack=&#8220;simple_line_icons&#8220; simple_line_icons=&#8220;icon-earphones-alt&#8220; size=&#8220;qodef-icon-tiny&#8220; custom_size=&#8220;47&#8243; type=&#8220;normal&#8220; icon_animation=&#8220;&#8220; icon_color=&#8220;#ffffff&#8220; hover_icon_color=&#8220;#ffffff&#8220;][vc_empty_space height=&#8220;10px&#8220;][vc_column_text]<\/p>\n<h6><span style=\"color: #ffffff;\">Support<\/span><\/h6>\n<p>[\/vc_column_text][\/qodef_elements_holder_item][\/qodef_elements_holder][vc_empty_space height=&#8220;27px&#8220;][vc_column_text]Wenn du Unterst\u00fctzung bei der Einrichtung oder der Anwendung hast rufe uns einfach an: 0461 \/ 57 49 49 85[\/vc_column_text][vc_empty_space height=&#8220;60px&#8220;][\/vc_column][vc_column width=&#8220;1\/2&#8243; offset=&#8220;vc_col-lg-3 vc_col-md-6&#8243;][qodef_elements_holder][qodef_elements_holder_item background_image=&#8220;564&#8243; item_padding=&#8220;51px 10px 62px 10px&#8220; horizontal_aligment=&#8220;center&#8220; vertical_alignment=&#8220;middle&#8220; hover_animation=&#8220;default&#8220;][qodef_icon icon_pack=&#8220;simple_line_icons&#8220; simple_line_icons=&#8220;icon-clock&#8220; size=&#8220;qodef-icon-tiny&#8220; custom_size=&#8220;47&#8243; type=&#8220;normal&#8220; icon_animation=&#8220;&#8220; icon_color=&#8220;#ffffff&#8220; hover_icon_color=&#8220;#ffffff&#8220;][vc_empty_space height=&#8220;10px&#8220;][vc_column_text]<\/p>\n<h6><span style=\"color: #ffffff;\">\u00d6ffnungszeiten<\/span><\/h6>\n<p>[\/vc_column_text][\/qodef_elements_holder_item][\/qodef_elements_holder][vc_empty_space height=&#8220;27px&#8220;][vc_column_text]Du erreichst uns telefonisch von Montag bis\u00a0Freitag in der Zeit von 08:00 &#8211; 18:00 Uhr.[\/vc_column_text][vc_empty_space height=&#8220;60px&#8220;][\/vc_column][\/vc_row]<\/p>","protected":false},"excerpt":{"rendered":"<p>[vc_row content_width=&#8220;grid&#8220; content_aligment=&#8220;center&#8220; css=&#8220;.vc_custom_1445506120301{padding-top: 64px !important;padding-bottom: 63px !important;}&#8220;][vc_column][vc_empty_space height=&#8220;132px&#8220;][vc_column_text] AccountOne [\/vc_column_text][vc_empty_space height=&#8220;20px&#8220;][vc_column_text] Wir haben f\u00fcr euch die h\u00e4ufigsten Fragen zusammen gestellt und beantwortet. [\/vc_column_text][\/vc_column][\/vc_row][vc_row content_width=&#8220;grid&#8220; css=&#8220;.vc_custom_1445505819326{padding-bottom: 49px !important;}&#8220;][vc_column][qodef_accordion style=&#8220;boxed_toggle&#8220;][qodef_accordion_tab title=&#8220;Was macht AccountOne&#8220; title_tag=&#8220;h6&#8243;][vc_column_text][\/vc_column_text][vc_empty_space height=&#8220;40px&#8220;][\/qodef_accordion_tab][qodef_accordion_tab title=&#8220;Wer sollte AccountOne verwenden? Ich oder &hellip; <a href=\"https:\/\/one.accountpay.de\/en\/faq\/\">Read More<\/a><\/p>","protected":false},"author":2,"featured_media":0,"parent":0,"menu_order":0,"comment_status":"closed","ping_status":"closed","template":"full-width.php","meta":[],"yoast_head":"<!-- This site is optimized with the Yoast SEO plugin v20.6 - https:\/\/yoast.com\/wordpress\/plugins\/seo\/ -->\n<title>FAQ - DEVELOPMENT ECommerce-2-Datev<\/title>\n<meta name=\"robots\" content=\"index, follow, max-snippet:-1, max-image-preview:large, max-video-preview:-1\" \/>\n<link rel=\"canonical\" href=\"https:\/\/one.accountpay.de\/en\/faq\/\" \/>\n<meta property=\"og:locale\" content=\"en_US\" \/>\n<meta property=\"og:type\" content=\"article\" \/>\n<meta property=\"og:title\" content=\"FAQ - DEVELOPMENT ECommerce-2-Datev\" \/>\n<meta property=\"og:description\" content=\"[vc_row content_width=&#8220;grid&#8220; content_aligment=&#8220;center&#8220; css=&#8220;.vc_custom_1445506120301{padding-top: 64px !important;padding-bottom: 63px !important;}&#8220;][vc_column][vc_empty_space height=&#8220;132px&#8220;][vc_column_text] AccountOne [\/vc_column_text][vc_empty_space height=&#8220;20px&#8220;][vc_column_text] Wir haben f\u00fcr euch die h\u00e4ufigsten Fragen zusammen gestellt und beantwortet. [\/vc_column_text][\/vc_column][\/vc_row][vc_row content_width=&#8220;grid&#8220; css=&#8220;.vc_custom_1445505819326{padding-bottom: 49px !important;}&#8220;][vc_column][qodef_accordion style=&#8220;boxed_toggle&#8220;][qodef_accordion_tab title=&#8220;Was macht AccountOne&#8220; title_tag=&#8220;h6&#8243;][vc_column_text][\/vc_column_text][vc_empty_space height=&#8220;40px&#8220;][\/qodef_accordion_tab][qodef_accordion_tab title=&#8220;Wer sollte AccountOne verwenden? Ich oder &hellip; Read More\" \/>\n<meta property=\"og:url\" content=\"https:\/\/one.accountpay.de\/en\/faq\/\" \/>\n<meta property=\"og:site_name\" content=\"DEVELOPMENT ECommerce-2-Datev\" \/>\n<meta property=\"article:publisher\" content=\"https:\/\/www.facebook.com\/AccountOneUG\/\" \/>\n<meta property=\"article:modified_time\" content=\"2019-10-25T14:13:36+00:00\" \/>\n<meta property=\"og:image\" content=\"https:\/\/one.accountpay.de\/wp-content\/uploads\/2015\/10\/accordion-image-1.jpg\" \/>\n<meta name=\"twitter:card\" content=\"summary_large_image\" \/>\n<meta name=\"twitter:site\" content=\"@accountone_ug\" \/>\n<meta name=\"twitter:label1\" content=\"Est. reading time\" \/>\n\t<meta name=\"twitter:data1\" content=\"5 minutes\" \/>\n<script type=\"application\/ld+json\" class=\"yoast-schema-graph\">{\"@context\":\"https:\/\/schema.org\",\"@graph\":[{\"@type\":\"WebPage\",\"@id\":\"https:\/\/one.accountpay.de\/faq\/\",\"url\":\"https:\/\/one.accountpay.de\/faq\/\",\"name\":\"FAQ - DEVELOPMENT ECommerce-2-Datev\",\"isPartOf\":{\"@id\":\"https:\/\/one.accountpay.de\/#website\"},\"datePublished\":\"2015-10-22T07:57:57+00:00\",\"dateModified\":\"2019-10-25T14:13:36+00:00\",\"breadcrumb\":{\"@id\":\"https:\/\/one.accountpay.de\/faq\/#breadcrumb\"},\"inLanguage\":\"en-US\",\"potentialAction\":[{\"@type\":\"ReadAction\",\"target\":[\"https:\/\/one.accountpay.de\/faq\/\"]}]},{\"@type\":\"BreadcrumbList\",\"@id\":\"https:\/\/one.accountpay.de\/faq\/#breadcrumb\",\"itemListElement\":[{\"@type\":\"ListItem\",\"position\":1,\"name\":\"Startseite\",\"item\":\"https:\/\/one.accountpay.de\/\"},{\"@type\":\"ListItem\",\"position\":2,\"name\":\"FAQ\"}]},{\"@type\":\"WebSite\",\"@id\":\"https:\/\/one.accountpay.de\/#website\",\"url\":\"https:\/\/one.accountpay.de\/\",\"name\":\"DEVELOPMENT ECommerce-2-Datev\",\"description\":\"Die Schnittstelle zwischen Steuerberater Onlineh\u00e4ndler und Buchhaltung - Auch f\u00fcr amazon business account\",\"publisher\":{\"@id\":\"https:\/\/one.accountpay.de\/#organization\"},\"potentialAction\":[{\"@type\":\"SearchAction\",\"target\":{\"@type\":\"EntryPoint\",\"urlTemplate\":\"https:\/\/one.accountpay.de\/?s={search_term_string}\"},\"query-input\":\"required name=search_term_string\"}],\"inLanguage\":\"en-US\"},{\"@type\":\"Organization\",\"@id\":\"https:\/\/one.accountpay.de\/#organization\",\"name\":\"AccountOne UG\",\"url\":\"https:\/\/one.accountpay.de\/\",\"logo\":{\"@type\":\"ImageObject\",\"inLanguage\":\"en-US\",\"@id\":\"https:\/\/one.accountpay.de\/#\/schema\/logo\/image\/\",\"url\":\"https:\/\/one.accountpay.de\/wp-content\/uploads\/2017\/03\/accountone_698.png\",\"contentUrl\":\"https:\/\/one.accountpay.de\/wp-content\/uploads\/2017\/03\/accountone_698.png\",\"width\":526,\"height\":261,\"caption\":\"AccountOne UG\"},\"image\":{\"@id\":\"https:\/\/one.accountpay.de\/#\/schema\/logo\/image\/\"},\"sameAs\":[\"https:\/\/www.facebook.com\/AccountOneUG\/\",\"https:\/\/twitter.com\/accountone_ug\"]}]}<\/script>\n<!-- \/ Yoast SEO plugin. -->","yoast_head_json":{"title":"FAQ - DEVELOPMENT ECommerce-2-Datev","robots":{"index":"index","follow":"follow","max-snippet":"max-snippet:-1","max-image-preview":"max-image-preview:large","max-video-preview":"max-video-preview:-1"},"canonical":"https:\/\/one.accountpay.de\/en\/faq\/","og_locale":"en_US","og_type":"article","og_title":"FAQ - DEVELOPMENT ECommerce-2-Datev","og_description":"[vc_row content_width=&#8220;grid&#8220; content_aligment=&#8220;center&#8220; css=&#8220;.vc_custom_1445506120301{padding-top: 64px !important;padding-bottom: 63px !important;}&#8220;][vc_column][vc_empty_space height=&#8220;132px&#8220;][vc_column_text] AccountOne [\/vc_column_text][vc_empty_space height=&#8220;20px&#8220;][vc_column_text] Wir haben f\u00fcr euch die h\u00e4ufigsten Fragen zusammen gestellt und beantwortet. [\/vc_column_text][\/vc_column][\/vc_row][vc_row content_width=&#8220;grid&#8220; css=&#8220;.vc_custom_1445505819326{padding-bottom: 49px !important;}&#8220;][vc_column][qodef_accordion style=&#8220;boxed_toggle&#8220;][qodef_accordion_tab title=&#8220;Was macht AccountOne&#8220; title_tag=&#8220;h6&#8243;][vc_column_text][\/vc_column_text][vc_empty_space height=&#8220;40px&#8220;][\/qodef_accordion_tab][qodef_accordion_tab title=&#8220;Wer sollte AccountOne verwenden? Ich oder &hellip; Read More","og_url":"https:\/\/one.accountpay.de\/en\/faq\/","og_site_name":"DEVELOPMENT ECommerce-2-Datev","article_publisher":"https:\/\/www.facebook.com\/AccountOneUG\/","article_modified_time":"2019-10-25T14:13:36+00:00","og_image":[{"url":"https:\/\/one.accountpay.de\/wp-content\/uploads\/2015\/10\/accordion-image-1.jpg"}],"twitter_card":"summary_large_image","twitter_site":"@accountone_ug","twitter_misc":{"Est. reading time":"5 minutes"},"schema":{"@context":"https:\/\/schema.org","@graph":[{"@type":"WebPage","@id":"https:\/\/one.accountpay.de\/faq\/","url":"https:\/\/one.accountpay.de\/faq\/","name":"FAQ - DEVELOPMENT ECommerce-2-Datev","isPartOf":{"@id":"https:\/\/one.accountpay.de\/#website"},"datePublished":"2015-10-22T07:57:57+00:00","dateModified":"2019-10-25T14:13:36+00:00","breadcrumb":{"@id":"https:\/\/one.accountpay.de\/faq\/#breadcrumb"},"inLanguage":"en-US","potentialAction":[{"@type":"ReadAction","target":["https:\/\/one.accountpay.de\/faq\/"]}]},{"@type":"BreadcrumbList","@id":"https:\/\/one.accountpay.de\/faq\/#breadcrumb","itemListElement":[{"@type":"ListItem","position":1,"name":"Startseite","item":"https:\/\/one.accountpay.de\/"},{"@type":"ListItem","position":2,"name":"FAQ"}]},{"@type":"WebSite","@id":"https:\/\/one.accountpay.de\/#website","url":"https:\/\/one.accountpay.de\/","name":"DEVELOPMENT ECommerce-2-Datev","description":"Die Schnittstelle zwischen Steuerberater Onlineh\u00e4ndler und Buchhaltung - Auch f\u00fcr amazon business account","publisher":{"@id":"https:\/\/one.accountpay.de\/#organization"},"potentialAction":[{"@type":"SearchAction","target":{"@type":"EntryPoint","urlTemplate":"https:\/\/one.accountpay.de\/?s={search_term_string}"},"query-input":"required name=search_term_string"}],"inLanguage":"en-US"},{"@type":"Organization","@id":"https:\/\/one.accountpay.de\/#organization","name":"AccountOne UG","url":"https:\/\/one.accountpay.de\/","logo":{"@type":"ImageObject","inLanguage":"en-US","@id":"https:\/\/one.accountpay.de\/#\/schema\/logo\/image\/","url":"https:\/\/one.accountpay.de\/wp-content\/uploads\/2017\/03\/accountone_698.png","contentUrl":"https:\/\/one.accountpay.de\/wp-content\/uploads\/2017\/03\/accountone_698.png","width":526,"height":261,"caption":"AccountOne UG"},"image":{"@id":"https:\/\/one.accountpay.de\/#\/schema\/logo\/image\/"},"sameAs":["https:\/\/www.facebook.com\/AccountOneUG\/","https:\/\/twitter.com\/accountone_ug"]}]}},"_links":{"self":[{"href":"https:\/\/one.accountpay.de\/en\/wp-json\/wp\/v2\/pages\/554"}],"collection":[{"href":"https:\/\/one.accountpay.de\/en\/wp-json\/wp\/v2\/pages"}],"about":[{"href":"https:\/\/one.accountpay.de\/en\/wp-json\/wp\/v2\/types\/page"}],"author":[{"embeddable":true,"href":"https:\/\/one.accountpay.de\/en\/wp-json\/wp\/v2\/users\/2"}],"replies":[{"embeddable":true,"href":"https:\/\/one.accountpay.de\/en\/wp-json\/wp\/v2\/comments?post=554"}],"version-history":[{"count":0,"href":"https:\/\/one.accountpay.de\/en\/wp-json\/wp\/v2\/pages\/554\/revisions"}],"wp:attachment":[{"href":"https:\/\/one.accountpay.de\/en\/wp-json\/wp\/v2\/media?parent=554"}],"curies":[{"name":"wp","href":"https:\/\/api.w.org\/{rel}","templated":true}]}}