{"id":5837,"date":"2017-05-05T14:33:24","date_gmt":"2017-05-05T12:33:24","guid":{"rendered":"https:\/\/www.accountone.de\/?page_id=5837"},"modified":"2017-05-05T14:33:48","modified_gmt":"2017-05-05T12:33:48","slug":"cookies","status":"publish","type":"page","link":"https:\/\/one.accountpay.de\/en\/cookies\/","title":{"rendered":"cookies"},"content":{"rendered":"<p>Wir verwenden Cookies Dritter, um unsere Dienstleitungen durch die Analyse Ihrer Surfvorlieben im Internet zu verbessern. Wenn Sie weitersurfen, gehen wir davon aus, dass sie dem Gebrauch zustimmen.<\/p>\n<p><em>Was sind Cookies?<\/em><\/p>\n<p>Eine Cookie ist eine Datei, die sich in Ihren Computer herunterladet, wenn Sie bestimmte Websites besuchen. Die Cookies erm\u00f6glichen einer Website, unter anderem, Information zu speichern und wiederzugewinnen, \u00fcber die Surfvorlieben eines Benutzers oder seinem Computer und, je nach enthaltener Information und Art und Weise, wie Sie Ihr Ger\u00e4t verwenden, k\u00f6nnen die Cookies daf\u00fcr benutzt werden, den Benutzer zu erkennen. Wenn Sie n\u00e4here Information \u00fcber diese Technologie und ihre Funktion erfahren wollen, besuchen Sie bitte entsprechende Websites, wie zum Beispiel allaboutcookies. org.<\/p>\n<p><em>Welche Art von Cookies werden in dieser Website verwendet?<\/em><\/p>\n<p>Persistente Cookies: Hierbei handelt es sich um Cookies, in denen die Daten im Terminal gespeichert bleiben und auf denen der Verantwortliche f\u00fcr die Cookie \u00fcber einem von ihm bestimmten Zeitraum Zugang hat und sie bearbeiten kann.<\/p>\n<p>Diese Website verwendet persistente Cookies, die \u00f6rtlich gespeichert werden. Ihr Zweck ist Information \u00fcber den letzten Markt den der Benutzer besuchte, aufzubewahren und ihn automatisch, gem\u00e4\u00df geographischen Zugangsdaten, zur Website mit der Sprache des lokalisierten Landes weiterzuleiten. Diese Weiterleitung kann allerdings anschlie\u00dfend ge\u00e4ndert werden.<\/p>\n<p>&nbsp;<\/p>\n<p>Analyse-Cookies: Das sind Cookies, die entweder von uns oder von Dritten bearbeitet werden und uns die M\u00f6glichkeit geben, die Anzahl an Benutzern zu kennen und so eine statistische Vermessung und Analyse der Verwendung, die die Benutzer der von uns angebotenen Dienste machen, vorzunehmen. Daf\u00fcr werden Ihre Besuche unserer Website analysiert, mit dem Ziel unser Angebot an Produkte oder Dienstleistungen zu verbessern.<\/p>\n<p>Diese Website verwendet Google Analytics, ein Webanalysedienst von Google, Inc., ein Unternehmen aus Delaware, mit Hauptsitz in 1600 Amphitheatre Parkway, Mountain View (California), CA 94043, USA (&#8222;Google&#8220;). Google Analytics verwendet &#8222;Cookies&#8220;, also Textdateien, die sich in ihrem Computer befinden, um die Website zu helfen, die Verwendung der Website durch die Benutzer zu analysieren. Die von der Cookie erstellte Information \u00fcber die Nutzung der Website (einschlie\u00dflich Ihrer IP-Adresse) wird direkt an Google weitergeleitet und dort in ihren Servern in den USA gespeichert. Google wird diese Information auf unser Verlangen verwenden, um den Gebrauch unserer Website zu analysieren, durch Berichte \u00fcber die Aktivit\u00e4t in der Website und anderen Dienstleistungen, die sich mit der Website-Aktivit\u00e4t und die Internet-Nutzung besch\u00e4ftigen. \u00a0Google kann diese Information an Dritte weiterleiten, wenn es gesetzlich vorgeschrieben ist, oder wenn diese Dritten die Daten f\u00fcr Google bearbeiten. Google wird Ihre IP-Adresse mit keinen weiteren Daten, \u00fcber die Google verf\u00fcgt, in Verbindung setzen. Sie k\u00f6nnen die Bearbeitung der Daten oder der Information verweigern, indem Sie die Verwendung von Cookies unterbinden. Dies geschieht \u00fcber die entsprechenden Einstellungen in Ihrem Browser. Sie sollten jedoch wissen, dass in solch einem Falle Sie m\u00f6glicherweise nicht alle Funktionen dieser Website nutzen werden k\u00f6nnen. Bei Verwendung dieser Website stimmen Sie der Bearbeitung Ihrer Information durch Google in der Art und Weise und f\u00fcr die Zwecke, die oben erw\u00e4hn werden, zu.<\/p>\n<p>Bei Verwendung dieser Website stimmen Sie der Bearbeitung Ihrer Information durch Google in der Art und Weise und f\u00fcr die Zwecke, die oben erw\u00e4hn werden, zu. Sie k\u00f6nnen die Bearbeitung durch Google Analytics verweigern, indem Sie den Google Analytics Opt-out Browser Add-on verwenden, den Sie hier downloaden k\u00f6nnen:<a title=\"https:\/\/tools.google.com\/dlpage\/gaoptout\" href=\"https:\/\/tools.google.com\/dlpage\/gaoptout\" target=\"_blank\">https:\/\/tools.google.com\/dlpage\/gaoptout<\/a><\/p>\n<p>Sie k\u00f6nnen ebenfalls die in Ihrem Computer installierten Cookies erlauben, blockieren oder l\u00f6schen, indem Sie die entsprechenden Einstellungen in Ihrem Browser vornehmen.<\/p>\n<p>Folgend Sie den nachstehenden Anweisungen, um die Cookie-Optionen in Ihrem Browser einzustellen:<\/p>\n<p>&nbsp;<\/p>\n<p><em>Microsoft Internet Explorer 6.0, ff.<\/em><\/p>\n<p>Klicken Sie auf \u201eExtras&#8220; in der oberen Leiste Ihres Browserfensters und w\u00e4hlen Sie \u201eInternetoptionen&#8220; und anschlie\u00dfend \u201eDatenschutz&#8220;.<\/p>\n<p>Vergewissern Sie sich, dass Ihr Datenschutz-Level auf \u201emittel&#8220; oder niedriger eingestellt ist, damit Cookies in Ihrem Browser zugelassen werden.<\/p>\n<p>Einstellungen h\u00f6her als \u201eMittel&#8220; lassen keine Cookies zu.<\/p>\n<p>&nbsp;<\/p>\n<p><em>Google Chrome<\/em><\/p>\n<p>Klicken Sie auf \u201eEinstellungen&#8220; in der oberen Leiste Ihres Browserfensters und w\u00e4hlen Sie die Optionen.<\/p>\n<p>Klicken Sie auf die Registerkarte \u201eErweiterte Einstellungen Anzeigen&#8220;, w\u00e4hlen Sie den Abschnitt \u201eDatenschutz&#8220; und anschlie\u00dfend die Schaltfl\u00e4che \u201eInhaltseinstellungen&#8220;.<\/p>\n<p>Nun w\u00e4hlen Sie die Option \u201eSpeicherung lokaler Daten zulassen&#8220;.<\/p>\n<p>&nbsp;<\/p>\n<p><em>Mozilla Firefox<\/em><\/p>\n<p>Klicken Sie auf \u201eExtras&#8220; in der oberen Leiste Ihres Browserfensters und w\u00e4hlen Sie die Optionen.<\/p>\n<p>W\u00e4hlen Sie anschlie\u00dfend die Registerkarte \u201eDatenschutz&#8220;.<\/p>\n<p>Klicken Sie auf \u201eCookies akzeptieren&#8220; und w\u00e4hlen Sie dann die Option \u00a0\u201eCookies von Drittanbietern akzeptieren&#8220;<\/p>\n<p>&nbsp;<\/p>\n<p><em>Safari<\/em><\/p>\n<p>Klicken Sie auf das \u201eCog&#8220;-Symbol in der oberen Leiste Ihres Browserfensters und w\u00e4hlen Sie die Option \u201eEinstellungen&#8220;.<\/p>\n<p>Klicken Sie auf \u201eSicherheit&#8220; und \u00fcberpr\u00fcfen Sie die Option, in der es hei\u00dft: \u201eDrittanbieter- und Werbe-Cookies blockieren&#8220;.<\/p>\n<p>Klicken Sie auf \u201eSpeichern&#8220;.<\/p>\n<p>&nbsp;<\/p>\n<p>Wenn Sie einen Mac haben und Cookies in Ihrem Computer erlauben wollen:<\/p>\n<p><em>Microsoft Internet Explorer 5.0 f\u00fcr OSX<\/em><\/p>\n<p>Klicken Sie auf \u201eExplorer&#8220; in der oberen Leiste Ihres Browserfensters und w\u00e4hlen Sie die Option \u201eEinstellungen&#8220;.<\/p>\n<p>Scrollen Sie nach unten, bis Sie unter \u201eDateien empfangen&#8220; zu \u201eCookies&#8220; gelangen.<\/p>\n<p>W\u00e4hlen Sie die Option \u201eNie nachfragen&#8220;.<\/p>\n<p>&nbsp;<\/p>\n<p><em>Safari f\u00fcr OSX<\/em><\/p>\n<p>Klicken Sie auf \u201eSafari&#8220; in der oberen Leiste Ihres Browserfensters und w\u00e4hlen Sie die Option \u201eEinstellungen&#8220;.<\/p>\n<p>Klicken Sie auf \u201eSicherheit&#8220; und dann auf \u201eCookies akzeptieren&#8220;.<\/p>\n<p>W\u00e4hlen Sie die Option: \u201eNur von Seiten, die ich besuche&#8220;.<\/p>\n<p>&nbsp;<\/p>\n<p><em>Mozilla y Netscape f\u00fcr OSX<\/em><\/p>\n<p>Klicken Sie auf \u201eMozilla&#8220; oder \u201eNetscape&#8220; in der oberen Leiste Ihres Browserfensters und w\u00e4hlen Sie die Option \u201eEinstellungen&#8220;.<\/p>\n<p>Scrollen Sie nach unten, bis Sie unter \u201eDatenschutz &amp; Sicherheit&#8220; zu den Cookies gelangen.<\/p>\n<p>W\u00e4hlen Sie \u201eNur an die urspr\u00fcngliche Seite gesendete Cookies akzeptieren&#8220;.<\/p>\n<p>&nbsp;<\/p>\n<p><em>Opera<\/em><\/p>\n<p>Klicken Sie auf \u201eMen\u00fc&#8220; in der oberen Leiste Ihres Browserfensters und w\u00e4hlen Sie \u201eEinstellungen.<\/p>\n<p>W\u00e4hlen Sie die Registerkarte \u201eErweitert&#8220;.<\/p>\n<p>W\u00e4hlen Sie dann die Option \u201eCookies akzeptieren&#8220;.<\/p>","protected":false},"excerpt":{"rendered":"<p>Wir verwenden Cookies Dritter, um unsere Dienstleitungen durch die Analyse Ihrer Surfvorlieben im Internet zu verbessern. Wenn Sie weitersurfen, gehen wir davon aus, dass sie dem Gebrauch zustimmen. Was sind Cookies? Eine Cookie ist eine Datei, die sich in Ihren &hellip; <a href=\"https:\/\/one.accountpay.de\/en\/cookies\/\">Read More<\/a><\/p>","protected":false},"author":2,"featured_media":0,"parent":0,"menu_order":0,"comment_status":"closed","ping_status":"closed","template":"","meta":[],"yoast_head":"<!-- This site is optimized with the Yoast SEO plugin v20.6 - https:\/\/yoast.com\/wordpress\/plugins\/seo\/ -->\n<title>cookies - DEVELOPMENT ECommerce-2-Datev<\/title>\n<meta name=\"robots\" content=\"index, follow, max-snippet:-1, max-image-preview:large, max-video-preview:-1\" \/>\n<link rel=\"canonical\" href=\"https:\/\/one.accountpay.de\/en\/cookies\/\" \/>\n<meta property=\"og:locale\" content=\"en_US\" \/>\n<meta property=\"og:type\" content=\"article\" \/>\n<meta property=\"og:title\" content=\"cookies - DEVELOPMENT ECommerce-2-Datev\" \/>\n<meta property=\"og:description\" content=\"Wir verwenden Cookies Dritter, um unsere Dienstleitungen durch die Analyse Ihrer Surfvorlieben im Internet zu verbessern. Wenn Sie weitersurfen, gehen wir davon aus, dass sie dem Gebrauch zustimmen. Was sind Cookies? Eine Cookie ist eine Datei, die sich in Ihren &hellip; Read More\" \/>\n<meta property=\"og:url\" content=\"https:\/\/one.accountpay.de\/en\/cookies\/\" \/>\n<meta property=\"og:site_name\" content=\"DEVELOPMENT ECommerce-2-Datev\" \/>\n<meta property=\"article:publisher\" content=\"https:\/\/www.facebook.com\/AccountOneUG\/\" \/>\n<meta property=\"article:modified_time\" content=\"2017-05-05T12:33:48+00:00\" \/>\n<meta name=\"twitter:card\" content=\"summary_large_image\" \/>\n<meta name=\"twitter:site\" content=\"@accountone_ug\" \/>\n<meta name=\"twitter:label1\" content=\"Est. reading time\" \/>\n\t<meta name=\"twitter:data1\" content=\"5 minutes\" \/>\n<script type=\"application\/ld+json\" class=\"yoast-schema-graph\">{\"@context\":\"https:\/\/schema.org\",\"@graph\":[{\"@type\":\"WebPage\",\"@id\":\"https:\/\/one.accountpay.de\/cookies\/\",\"url\":\"https:\/\/one.accountpay.de\/cookies\/\",\"name\":\"cookies - DEVELOPMENT ECommerce-2-Datev\",\"isPartOf\":{\"@id\":\"https:\/\/one.accountpay.de\/#website\"},\"datePublished\":\"2017-05-05T12:33:24+00:00\",\"dateModified\":\"2017-05-05T12:33:48+00:00\",\"breadcrumb\":{\"@id\":\"https:\/\/one.accountpay.de\/cookies\/#breadcrumb\"},\"inLanguage\":\"en-US\",\"potentialAction\":[{\"@type\":\"ReadAction\",\"target\":[\"https:\/\/one.accountpay.de\/cookies\/\"]}]},{\"@type\":\"BreadcrumbList\",\"@id\":\"https:\/\/one.accountpay.de\/cookies\/#breadcrumb\",\"itemListElement\":[{\"@type\":\"ListItem\",\"position\":1,\"name\":\"Startseite\",\"item\":\"https:\/\/one.accountpay.de\/\"},{\"@type\":\"ListItem\",\"position\":2,\"name\":\"cookies\"}]},{\"@type\":\"WebSite\",\"@id\":\"https:\/\/one.accountpay.de\/#website\",\"url\":\"https:\/\/one.accountpay.de\/\",\"name\":\"DEVELOPMENT ECommerce-2-Datev\",\"description\":\"Die Schnittstelle zwischen Steuerberater Onlineh\u00e4ndler und Buchhaltung - Auch f\u00fcr amazon business account\",\"publisher\":{\"@id\":\"https:\/\/one.accountpay.de\/#organization\"},\"potentialAction\":[{\"@type\":\"SearchAction\",\"target\":{\"@type\":\"EntryPoint\",\"urlTemplate\":\"https:\/\/one.accountpay.de\/?s={search_term_string}\"},\"query-input\":\"required name=search_term_string\"}],\"inLanguage\":\"en-US\"},{\"@type\":\"Organization\",\"@id\":\"https:\/\/one.accountpay.de\/#organization\",\"name\":\"AccountOne UG\",\"url\":\"https:\/\/one.accountpay.de\/\",\"logo\":{\"@type\":\"ImageObject\",\"inLanguage\":\"en-US\",\"@id\":\"https:\/\/one.accountpay.de\/#\/schema\/logo\/image\/\",\"url\":\"https:\/\/one.accountpay.de\/wp-content\/uploads\/2017\/03\/accountone_698.png\",\"contentUrl\":\"https:\/\/one.accountpay.de\/wp-content\/uploads\/2017\/03\/accountone_698.png\",\"width\":526,\"height\":261,\"caption\":\"AccountOne UG\"},\"image\":{\"@id\":\"https:\/\/one.accountpay.de\/#\/schema\/logo\/image\/\"},\"sameAs\":[\"https:\/\/www.facebook.com\/AccountOneUG\/\",\"https:\/\/twitter.com\/accountone_ug\"]}]}<\/script>\n<!-- \/ Yoast SEO plugin. -->","yoast_head_json":{"title":"cookies - DEVELOPMENT ECommerce-2-Datev","robots":{"index":"index","follow":"follow","max-snippet":"max-snippet:-1","max-image-preview":"max-image-preview:large","max-video-preview":"max-video-preview:-1"},"canonical":"https:\/\/one.accountpay.de\/en\/cookies\/","og_locale":"en_US","og_type":"article","og_title":"cookies - DEVELOPMENT ECommerce-2-Datev","og_description":"Wir verwenden Cookies Dritter, um unsere Dienstleitungen durch die Analyse Ihrer Surfvorlieben im Internet zu verbessern. Wenn Sie weitersurfen, gehen wir davon aus, dass sie dem Gebrauch zustimmen. Was sind Cookies? Eine Cookie ist eine Datei, die sich in Ihren &hellip; Read More","og_url":"https:\/\/one.accountpay.de\/en\/cookies\/","og_site_name":"DEVELOPMENT ECommerce-2-Datev","article_publisher":"https:\/\/www.facebook.com\/AccountOneUG\/","article_modified_time":"2017-05-05T12:33:48+00:00","twitter_card":"summary_large_image","twitter_site":"@accountone_ug","twitter_misc":{"Est. reading time":"5 minutes"},"schema":{"@context":"https:\/\/schema.org","@graph":[{"@type":"WebPage","@id":"https:\/\/one.accountpay.de\/cookies\/","url":"https:\/\/one.accountpay.de\/cookies\/","name":"cookies - DEVELOPMENT ECommerce-2-Datev","isPartOf":{"@id":"https:\/\/one.accountpay.de\/#website"},"datePublished":"2017-05-05T12:33:24+00:00","dateModified":"2017-05-05T12:33:48+00:00","breadcrumb":{"@id":"https:\/\/one.accountpay.de\/cookies\/#breadcrumb"},"inLanguage":"en-US","potentialAction":[{"@type":"ReadAction","target":["https:\/\/one.accountpay.de\/cookies\/"]}]},{"@type":"BreadcrumbList","@id":"https:\/\/one.accountpay.de\/cookies\/#breadcrumb","itemListElement":[{"@type":"ListItem","position":1,"name":"Startseite","item":"https:\/\/one.accountpay.de\/"},{"@type":"ListItem","position":2,"name":"cookies"}]},{"@type":"WebSite","@id":"https:\/\/one.accountpay.de\/#website","url":"https:\/\/one.accountpay.de\/","name":"DEVELOPMENT ECommerce-2-Datev","description":"Die Schnittstelle zwischen Steuerberater Onlineh\u00e4ndler und Buchhaltung - Auch f\u00fcr amazon business account","publisher":{"@id":"https:\/\/one.accountpay.de\/#organization"},"potentialAction":[{"@type":"SearchAction","target":{"@type":"EntryPoint","urlTemplate":"https:\/\/one.accountpay.de\/?s={search_term_string}"},"query-input":"required name=search_term_string"}],"inLanguage":"en-US"},{"@type":"Organization","@id":"https:\/\/one.accountpay.de\/#organization","name":"AccountOne UG","url":"https:\/\/one.accountpay.de\/","logo":{"@type":"ImageObject","inLanguage":"en-US","@id":"https:\/\/one.accountpay.de\/#\/schema\/logo\/image\/","url":"https:\/\/one.accountpay.de\/wp-content\/uploads\/2017\/03\/accountone_698.png","contentUrl":"https:\/\/one.accountpay.de\/wp-content\/uploads\/2017\/03\/accountone_698.png","width":526,"height":261,"caption":"AccountOne UG"},"image":{"@id":"https:\/\/one.accountpay.de\/#\/schema\/logo\/image\/"},"sameAs":["https:\/\/www.facebook.com\/AccountOneUG\/","https:\/\/twitter.com\/accountone_ug"]}]}},"_links":{"self":[{"href":"https:\/\/one.accountpay.de\/en\/wp-json\/wp\/v2\/pages\/5837"}],"collection":[{"href":"https:\/\/one.accountpay.de\/en\/wp-json\/wp\/v2\/pages"}],"about":[{"href":"https:\/\/one.accountpay.de\/en\/wp-json\/wp\/v2\/types\/page"}],"author":[{"embeddable":true,"href":"https:\/\/one.accountpay.de\/en\/wp-json\/wp\/v2\/users\/2"}],"replies":[{"embeddable":true,"href":"https:\/\/one.accountpay.de\/en\/wp-json\/wp\/v2\/comments?post=5837"}],"version-history":[{"count":0,"href":"https:\/\/one.accountpay.de\/en\/wp-json\/wp\/v2\/pages\/5837\/revisions"}],"wp:attachment":[{"href":"https:\/\/one.accountpay.de\/en\/wp-json\/wp\/v2\/media?parent=5837"}],"curies":[{"name":"wp","href":"https:\/\/api.w.org\/{rel}","templated":true}]}}