{"id":6090,"date":"2018-06-13T12:32:41","date_gmt":"2018-06-13T10:32:41","guid":{"rendered":"https:\/\/www.accountone.de\/?page_id=6090"},"modified":"2019-10-25T10:17:05","modified_gmt":"2019-10-25T08:17:05","slug":"amarefund","status":"publish","type":"page","link":"https:\/\/one.accountpay.de\/en\/amarefund\/","title":{"rendered":"AmaRefund \u00ae"},"content":{"rendered":"<p>[vc_row][vc_column][rev_slider alias=&#8220;inspiration-header&#8220;][\/vc_column][\/vc_row][vc_row content_width=&#8220;grid&#8220; content_aligment=&#8220;center&#8220;][vc_column][vc_empty_space height=&#8220;50px&#8220;][vc_column_text]<\/p>\n<h2 style=\"text-align: center;\">Kostenfreier Testmonat!<\/h2>\n<p>[\/vc_column_text][vc_empty_space height=&#8220;20px&#8220;][vc_column_text]<\/p>\n<p style=\"text-align: center;\">Du kannst dich unverbindlich registrieren und bekommst von uns den ersten Monat geschenkt. Wenn du zufrieden bist kannst du einfach die n\u00e4chsten Monate einzeln dazu kaufen. Bei AmaRefund gibt es kein Abomodell und du bezahlst nur das, was du auch wirklich nutzt.<\/p>\n<p>[\/vc_column_text][vc_empty_space height=&#8220;50px&#8220;][qodef_button size=&#8220;huge&#8220; type=&#8220;&#8220; hover_animation=&#8220;hover-animation&#8220; target=&#8220;_self&#8220; icon_pack=&#8220;&#8220; font_weight=&#8220;&#8220; text=&#8220;Jetzt Registrieren&#8220; link=&#8220;https:\/\/service.accountone.de\/myaccountone\/?action=register_amarefund&#8220; color=&#8220;#dd3333&#8243; border_color=&#8220;#dd3333&#8243;][vc_empty_space height=&#8220;90px&#8220;][\/vc_column][\/vc_row][vc_row content_width=&#8220;grid&#8220;][vc_column][vc_empty_space height=&#8220;100px&#8220;][vc_column_text]<\/p>\n<h2 style=\"text-align: center;\">Nur 90% der R\u00fccksendungen werden dir von Amazon erstattet!<\/h2>\n<p>[\/vc_column_text][vc_empty_space height=&#8220;60px&#8220;][qodef_pie_chart type_of_central_text=&#8220;percent&#8220; title_tag=&#8220;h2&#8243; percent=&#8220;90&#8243; size=&#8220;450&#8243; text=&#8220;Von den zur\u00fcckgesendeten Waren landen nicht alle wieder im Lager. Waren die Kaputt sind oder einfach nicht vom Kunden zur\u00fcck gesendet werden fehlen h\u00e4ufig in der Erstattung von Amazon. Wir helfen dir dabei die fehlenden Erstattungen von Amazon zu bekommen.&#8220; margin_below_chart=&#8220;30&#8243;][vc_empty_space height=&#8220;100px&#8220;][\/vc_column][\/vc_row][vc_row content_width=&#8220;grid&#8220; css=&#8220;.vc_custom_1528891665697{margin-top: 20px !important;margin-bottom: 20px !important;background-color: rgba(164,178,191,0.64) !important;*background-color: rgb(164,178,191) !important;}&#8220;][vc_column][vc_empty_space height=&#8220;50px&#8220;][vc_column_text]<\/p>\n<h2 style=\"text-align: center;\">Wie hilft dir AmaRefund?<\/h2>\n<p>[\/vc_column_text][vc_empty_space height=&#8220;50px&#8220;][qodef_process_holder number_of_columns=&#8220;columns-3&#8243;][qodef_process_item icon_pack=&#8220;font_awesome&#8220; fa_icon=&#8220;fa-check-circle-o&#8220; title=&#8220;MWS Token eintragen&#8220;][qodef_process_item icon_pack=&#8220;font_awesome&#8220; fa_icon=&#8220;fa-clock-o&#8220; title=&#8220;48 Stunden warten&#8220;][qodef_process_item icon_pack=&#8220;font_awesome&#8220; fa_icon=&#8220;fa-envelope-open&#8220; title=&#8220;Erstattung bei Amazon anfordern&#8220;][\/qodef_process_holder][vc_empty_space height=&#8220;50px&#8220;][\/vc_column][\/vc_row][vc_row row_type=&#8220;parallax&#8220; content_width=&#8220;grid&#8220; full_screen_section_height=&#8220;no&#8220;][vc_column][vc_column_text css_animation=&#8220;fadeIn&#8220;]<\/p>\n<h2 style=\"text-align: center;\">Der Ablauf<\/h2>\n<p>[\/vc_column_text][vc_empty_space height=&#8220;52px&#8220;][vc_row_inner content_aligment=&#8220;center&#8220;][vc_column_inner width=&#8220;1\/2&#8243;][vc_empty_space height=&#8220;50px&#8220;][vc_column_text css_animation=&#8220;fadeIn&#8220;]<\/p>\n<h3 style=\"text-align: right; vertical-align: middle;\">1. Registrierung<\/h3>\n<p style=\"text-align: right;\">Du registrierst dich bei uns \u00fcber unsere Webseite. Danach erstellst du in wenigen Minuten einen MWS-Token in der Sellercentral und f\u00fcgst diesen in unserem Refundmodul ein.<\/p>\n<p>[\/vc_column_text][\/vc_column_inner][vc_column_inner width=&#8220;1\/2&#8243;][vc_single_image image=&#8220;6098&#8243; img_size=&#8220;large&#8220; alignment=&#8220;center&#8220; style=&#8220;vc_box_shadow_3d&#8220; css_animation=&#8220;fadeIn&#8220;][\/vc_column_inner][\/vc_row_inner][vc_zigzag el_width=&#8220;70&#8243; css_animation=&#8220;fadeInLeft&#8220;][vc_empty_space height=&#8220;52px&#8220;][vc_row_inner][vc_column_inner width=&#8220;1\/2&#8243;][vc_single_image image=&#8220;6099&#8243; img_size=&#8220;large&#8220; alignment=&#8220;center&#8220; style=&#8220;vc_box_shadow_3d&#8220; css_animation=&#8220;fadeIn&#8220;][\/vc_column_inner][vc_column_inner width=&#8220;1\/2&#8243;][vc_empty_space height=&#8220;50px&#8220;][vc_column_text css_animation=&#8220;fadeIn&#8220;]<\/p>\n<h3>2. Datenabruf<\/h3>\n<p>AmaRefund ermittelt selbstst\u00e4ndig welche Daten ben\u00f6tigt werden und l\u00e4dt diese direkt und vollautomatisch aus deiner Sellercentral herunter. Anschlie\u00dfend werden die Daten verarbeitet und ermittelt welche Refunds Amazon einbehalten hat. Die Daten werden dir auf Monatsbasis bereitgestellt und du siehst sofort wie hoch deine potenzielle Erstattung sein wird.[\/vc_column_text][\/vc_column_inner][\/vc_row_inner][vc_zigzag el_width=&#8220;70&#8243; css_animation=&#8220;fadeInLeft&#8220;][vc_empty_space height=&#8220;52px&#8220;][vc_row_inner][vc_column_inner width=&#8220;1\/2&#8243;][vc_empty_space height=&#8220;50px&#8220;][vc_column_text css_animation=&#8220;fadeIn&#8220;]<\/p>\n<h3>3. Erstattungsantrag stellen<\/h3>\n<p>Du erh\u00e4lst von uns eine fertige Email mit allen notwendigen Angaben. Diese f\u00fcgst du per Copy&amp;Paste in deine Sellercentral ein und kannst den Antrag sofort Abschicken. Nach wenigen Tagen wird sich Amazon dann bei dir melden und mitteilen welche Antr\u00e4ge genehmigt wurden. Das Ergebnis der Antr\u00e4ge findest du auch in AmaRefund wieder.[\/vc_column_text][\/vc_column_inner][vc_column_inner width=&#8220;1\/2&#8243;][vc_column_text css_animation=&#8220;fadeIn&#8220;]<\/p>\n<blockquote>\n<p style=\"text-align: center;\">Liebes Amazonteam,<\/p>\n<p style=\"text-align: center;\">bei der Durchsicht meines Kontos habe ich festgestellt, dass es R\u00fcckzahlungen an den Endkunden gibt welche mir bisher nicht erstattet wurden. Dabei handelt es sich um die folgenden Ordernummern:<\/p>\n<p style=\"text-align: center;\">030-54689-xxxxx &#8211; 49,90 \u20ac<\/p>\n<p style=\"text-align: center;\">135-497358-xxxxx &#8211; 76,90 \u20ac<\/p>\n<p style=\"text-align: center;\">306-646983-xxxxx &#8211; 36,90 \u20ac<\/p>\n<p style=\"text-align: center;\">634-566594-xxxxxx &#8211; 42,90 \u20ac<\/p>\n<p style=\"text-align: center;\">&#8230;<\/p>\n<p style=\"text-align: center;\">Bitte erstattet mir die oben genanten R\u00fccksendungen.<\/p>\n<p style=\"text-align: center;\">Viele Gr\u00fc\u00dfe<\/p>\n<\/blockquote>\n<p>[\/vc_column_text][\/vc_column_inner][\/vc_row_inner][vc_zigzag el_width=&#8220;70&#8243;][vc_empty_space height=&#8220;52px&#8220;][vc_column_text]<\/p>\n<h3 style=\"text-align: center;\">4. Fertig<\/h3>\n<p style=\"text-align: center;\">Ab jetzt brauchst du nur noch auf die Erstattung von Amazon warten.<\/p>\n<p>[\/vc_column_text][vc_empty_space height=&#8220;100px&#8220;][\/vc_column][\/vc_row][vc_row content_width=&#8220;grid&#8220; content_aligment=&#8220;center&#8220;][vc_column][vc_empty_space height=&#8220;50px&#8220;][vc_column_text]<\/p>\n<h2 style=\"text-align: center;\">Kostenfreier Testmonat!<\/h2>\n<p>[\/vc_column_text][vc_empty_space height=&#8220;20px&#8220;][vc_column_text]<\/p>\n<p style=\"text-align: center;\">Du kannst dich unverbindlich registrieren und bekommst von uns den ersten Monat geschenkt. Wenn du zufrieden bist kannst du einfach die n\u00e4chsten Monate einzeln dazu kaufen. Bei AmaRefund gibt es kein Abomodell und du bezahlst nur das, was du auch wirklich nutzt.<\/p>\n<p>[\/vc_column_text][vc_empty_space height=&#8220;50px&#8220;][qodef_button size=&#8220;huge&#8220; type=&#8220;&#8220; hover_animation=&#8220;hover-animation&#8220; target=&#8220;_self&#8220; icon_pack=&#8220;&#8220; font_weight=&#8220;&#8220; text=&#8220;Jetzt Registrieren&#8220; link=&#8220;https:\/\/service.accountone.de\/myaccountone\/?action=register_amarefund&#8220; color=&#8220;#dd3333&#8243; border_color=&#8220;#dd3333&#8243;][vc_empty_space height=&#8220;90px&#8220;][\/vc_column][\/vc_row][vc_row content_width=&#8220;grid&#8220; css=&#8220;.vc_custom_1528890986282{background: #9eafbf url(https:\/\/one.accountpay.de\/wp-content\/uploads\/2018\/06\/achievement-3387293_1920.jpg?id=6055) !important;}&#8220;][vc_column][vc_empty_space height=&#8220;50px&#8220;][vc_column_text]<\/p>\n<h2 style=\"text-align: center;\"><strong>Der Preis<\/strong><\/h2>\n<p>[\/vc_column_text][vc_empty_space height=&#8220;50px&#8220;][vc_column_text css=&#8220;.vc_custom_1528968777260{padding-top: 25px !important;padding-bottom: 25px !important;background-color: rgba(221,221,221,0.85) !important;*background-color: rgb(221,221,221) !important;}&#8220;]<\/p>\n<p style=\"text-align: center;\"><span style=\"color: #000000;\"><strong>Die Registrierung ist komplett kostenfrei. So kannst du dir zuerst ansehen wie hoch deine Erstattung voraussichtlich sein wird. Anschlie\u00dfend kannst du dich entscheiden ob du AmaRefund kostenpflichtig nutzen m\u00f6chtest. Den ersten Monat bekommst du sogar geschenkt.<\/strong><\/span><\/p>\n<p>[\/vc_column_text][vc_column_text css=&#8220;.vc_custom_1535749431361{padding-top: 25px !important;padding-bottom: 25px !important;background-color: rgba(221,221,221,0.85) !important;*background-color: rgb(221,221,221) !important;}&#8220;]<\/p>\n<p style=\"text-align: center;\"><span style=\"color: #000000;\"><strong>Du Kannst AmaRefund f\u00fcr einen Erstattungsmonat kostenfrei und unverbindlich testen. Es gibt bei AmaRefund kein Abomodell und wir berechnen nur die Leistung die du tats\u00e4chlich in Anspruch genommen hast.<\/strong><\/span><\/p>\n<p style=\"text-align: center;\"><span style=\"color: #000000;\"><strong>AmaRefund kostet dich keine Grundgeb\u00fchr. Du zahlst lediglich 10% der voraussichtlichen Erstattungssumme von Amazon, mindestens aber 10 \u20ac pro Freischaltungsvorgang. Dabei kannst du selber Festlegen ob du einen, zwei oder gleich 12 Monate freigeschaltet haben m\u00f6chtest. (Alle Preise zzgl. gesetzlicher Mehrwertsteuer)<\/strong><\/span><\/p>\n<p>[\/vc_column_text][vc_empty_space height=&#8220;50px&#8220;][\/vc_column][\/vc_row][vc_row content_width=&#8220;grid&#8220;][vc_column][vc_empty_space height=&#8220;50px&#8220;][vc_column_text]<\/p>\n<h2 style=\"text-align: center;\">FAQ<\/h2>\n<p>[\/vc_column_text][vc_empty_space height=&#8220;50px&#8220;][qodef_accordion style=&#8220;boxed_toggle&#8220;][qodef_accordion_tab title=&#8220;Kann ich mehrer Selleraccounts verwenden?&#8220;][vc_column_text]Derzeit kann nur ein Selleraccount pro Registrierung genutzt werden. Wenn du sehr viele Accounts hast (mehr als 4) dann sprich uns bitte an, wir werden dann gemeinsam eine spezielle L\u00f6sung finden.[\/vc_column_text][\/qodef_accordion_tab][qodef_accordion_tab title=&#8220;Ben\u00f6tige ich weitere Software?&#8220;][vc_column_text]Nein, AmaRefund ist eine eigenst\u00e4ndige L\u00f6sung.[\/vc_column_text][\/qodef_accordion_tab][qodef_accordion_tab title=&#8220;Muss ich einen MWS Token benutzen?&#8220;][vc_column_text]Der MWS Token erm\u00f6glicht dir eine vollst\u00e4ndige Automatisierung deines AmaRefunds.\u00a0 Mit dem Token stehen dir alle Daten automatisch bereit. Der Einsatz von AmaRefund ohne den Token ist nicht m\u00f6glich.<\/p>\n<p>[\/vc_column_text][\/qodef_accordion_tab][qodef_accordion_tab title=&#8220;Kann ich AmaRefund weiterempfehlen?&#8220;][vc_column_text]Ja, wir freuen uns wenn dir AmaRefund so gut gef\u00e4llt, dass du es weiterempfehlen m\u00f6chtest. Bitte spreche uns dazu an.[\/vc_column_text][\/qodef_accordion_tab][\/qodef_accordion][vc_empty_space height=&#8220;50px&#8220;][\/vc_column][\/vc_row]<\/p>","protected":false},"excerpt":{"rendered":"<p>[vc_row][vc_column][rev_slider alias=&#8220;inspiration-header&#8220;][\/vc_column][\/vc_row][vc_row content_width=&#8220;grid&#8220; content_aligment=&#8220;center&#8220;][vc_column][vc_empty_space height=&#8220;50px&#8220;][vc_column_text] Kostenfreier Testmonat! [\/vc_column_text][vc_empty_space height=&#8220;20px&#8220;][vc_column_text] Du kannst dich unverbindlich registrieren und bekommst von uns den ersten Monat geschenkt. Wenn du zufrieden bist kannst du einfach die n\u00e4chsten Monate einzeln dazu kaufen. Bei AmaRefund gibt es kein &hellip; <a href=\"https:\/\/one.accountpay.de\/en\/amarefund\/\">Read More<\/a><\/p>","protected":false},"author":2,"featured_media":0,"parent":0,"menu_order":0,"comment_status":"closed","ping_status":"closed","template":"full-width.php","meta":[],"yoast_head":"<!-- This site is optimized with the Yoast SEO plugin v20.6 - https:\/\/yoast.com\/wordpress\/plugins\/seo\/ -->\n<title>AmaRefund \u00ae - DEVELOPMENT ECommerce-2-Datev<\/title>\n<meta name=\"robots\" content=\"index, follow, max-snippet:-1, max-image-preview:large, max-video-preview:-1\" \/>\n<link rel=\"canonical\" href=\"https:\/\/one.accountpay.de\/en\/amarefund\/\" \/>\n<meta property=\"og:locale\" content=\"en_US\" \/>\n<meta property=\"og:type\" content=\"article\" \/>\n<meta property=\"og:title\" content=\"AmaRefund \u00ae - DEVELOPMENT ECommerce-2-Datev\" \/>\n<meta property=\"og:description\" content=\"[vc_row][vc_column][rev_slider alias=&#8220;inspiration-header&#8220;][\/vc_column][\/vc_row][vc_row content_width=&#8220;grid&#8220; content_aligment=&#8220;center&#8220;][vc_column][vc_empty_space height=&#8220;50px&#8220;][vc_column_text] Kostenfreier Testmonat! [\/vc_column_text][vc_empty_space height=&#8220;20px&#8220;][vc_column_text] Du kannst dich unverbindlich registrieren und bekommst von uns den ersten Monat geschenkt. Wenn du zufrieden bist kannst du einfach die n\u00e4chsten Monate einzeln dazu kaufen. Bei AmaRefund gibt es kein &hellip; Read More\" \/>\n<meta property=\"og:url\" content=\"https:\/\/one.accountpay.de\/en\/amarefund\/\" \/>\n<meta property=\"og:site_name\" content=\"DEVELOPMENT ECommerce-2-Datev\" \/>\n<meta property=\"article:publisher\" content=\"https:\/\/www.facebook.com\/AccountOneUG\/\" \/>\n<meta property=\"article:modified_time\" content=\"2019-10-25T08:17:05+00:00\" \/>\n<meta name=\"twitter:card\" content=\"summary_large_image\" \/>\n<meta name=\"twitter:site\" content=\"@accountone_ug\" \/>\n<meta name=\"twitter:label1\" content=\"Est. reading time\" \/>\n\t<meta name=\"twitter:data1\" content=\"7 minutes\" \/>\n<script type=\"application\/ld+json\" class=\"yoast-schema-graph\">{\"@context\":\"https:\/\/schema.org\",\"@graph\":[{\"@type\":\"WebPage\",\"@id\":\"https:\/\/one.accountpay.de\/amarefund\/\",\"url\":\"https:\/\/one.accountpay.de\/amarefund\/\",\"name\":\"AmaRefund \u00ae - DEVELOPMENT ECommerce-2-Datev\",\"isPartOf\":{\"@id\":\"https:\/\/one.accountpay.de\/#website\"},\"datePublished\":\"2018-06-13T10:32:41+00:00\",\"dateModified\":\"2019-10-25T08:17:05+00:00\",\"breadcrumb\":{\"@id\":\"https:\/\/one.accountpay.de\/amarefund\/#breadcrumb\"},\"inLanguage\":\"en-US\",\"potentialAction\":[{\"@type\":\"ReadAction\",\"target\":[\"https:\/\/one.accountpay.de\/amarefund\/\"]}]},{\"@type\":\"BreadcrumbList\",\"@id\":\"https:\/\/one.accountpay.de\/amarefund\/#breadcrumb\",\"itemListElement\":[{\"@type\":\"ListItem\",\"position\":1,\"name\":\"Startseite\",\"item\":\"https:\/\/one.accountpay.de\/\"},{\"@type\":\"ListItem\",\"position\":2,\"name\":\"AmaRefund \u00ae\"}]},{\"@type\":\"WebSite\",\"@id\":\"https:\/\/one.accountpay.de\/#website\",\"url\":\"https:\/\/one.accountpay.de\/\",\"name\":\"DEVELOPMENT ECommerce-2-Datev\",\"description\":\"Die Schnittstelle zwischen Steuerberater Onlineh\u00e4ndler und Buchhaltung - Auch f\u00fcr amazon business account\",\"publisher\":{\"@id\":\"https:\/\/one.accountpay.de\/#organization\"},\"potentialAction\":[{\"@type\":\"SearchAction\",\"target\":{\"@type\":\"EntryPoint\",\"urlTemplate\":\"https:\/\/one.accountpay.de\/?s={search_term_string}\"},\"query-input\":\"required name=search_term_string\"}],\"inLanguage\":\"en-US\"},{\"@type\":\"Organization\",\"@id\":\"https:\/\/one.accountpay.de\/#organization\",\"name\":\"AccountOne UG\",\"url\":\"https:\/\/one.accountpay.de\/\",\"logo\":{\"@type\":\"ImageObject\",\"inLanguage\":\"en-US\",\"@id\":\"https:\/\/one.accountpay.de\/#\/schema\/logo\/image\/\",\"url\":\"https:\/\/one.accountpay.de\/wp-content\/uploads\/2017\/03\/accountone_698.png\",\"contentUrl\":\"https:\/\/one.accountpay.de\/wp-content\/uploads\/2017\/03\/accountone_698.png\",\"width\":526,\"height\":261,\"caption\":\"AccountOne UG\"},\"image\":{\"@id\":\"https:\/\/one.accountpay.de\/#\/schema\/logo\/image\/\"},\"sameAs\":[\"https:\/\/www.facebook.com\/AccountOneUG\/\",\"https:\/\/twitter.com\/accountone_ug\"]}]}<\/script>\n<!-- \/ Yoast SEO plugin. -->","yoast_head_json":{"title":"AmaRefund \u00ae - DEVELOPMENT ECommerce-2-Datev","robots":{"index":"index","follow":"follow","max-snippet":"max-snippet:-1","max-image-preview":"max-image-preview:large","max-video-preview":"max-video-preview:-1"},"canonical":"https:\/\/one.accountpay.de\/en\/amarefund\/","og_locale":"en_US","og_type":"article","og_title":"AmaRefund \u00ae - DEVELOPMENT ECommerce-2-Datev","og_description":"[vc_row][vc_column][rev_slider alias=&#8220;inspiration-header&#8220;][\/vc_column][\/vc_row][vc_row content_width=&#8220;grid&#8220; content_aligment=&#8220;center&#8220;][vc_column][vc_empty_space height=&#8220;50px&#8220;][vc_column_text] Kostenfreier Testmonat! [\/vc_column_text][vc_empty_space height=&#8220;20px&#8220;][vc_column_text] Du kannst dich unverbindlich registrieren und bekommst von uns den ersten Monat geschenkt. Wenn du zufrieden bist kannst du einfach die n\u00e4chsten Monate einzeln dazu kaufen. Bei AmaRefund gibt es kein &hellip; Read More","og_url":"https:\/\/one.accountpay.de\/en\/amarefund\/","og_site_name":"DEVELOPMENT ECommerce-2-Datev","article_publisher":"https:\/\/www.facebook.com\/AccountOneUG\/","article_modified_time":"2019-10-25T08:17:05+00:00","twitter_card":"summary_large_image","twitter_site":"@accountone_ug","twitter_misc":{"Est. reading time":"7 minutes"},"schema":{"@context":"https:\/\/schema.org","@graph":[{"@type":"WebPage","@id":"https:\/\/one.accountpay.de\/amarefund\/","url":"https:\/\/one.accountpay.de\/amarefund\/","name":"AmaRefund \u00ae - DEVELOPMENT ECommerce-2-Datev","isPartOf":{"@id":"https:\/\/one.accountpay.de\/#website"},"datePublished":"2018-06-13T10:32:41+00:00","dateModified":"2019-10-25T08:17:05+00:00","breadcrumb":{"@id":"https:\/\/one.accountpay.de\/amarefund\/#breadcrumb"},"inLanguage":"en-US","potentialAction":[{"@type":"ReadAction","target":["https:\/\/one.accountpay.de\/amarefund\/"]}]},{"@type":"BreadcrumbList","@id":"https:\/\/one.accountpay.de\/amarefund\/#breadcrumb","itemListElement":[{"@type":"ListItem","position":1,"name":"Startseite","item":"https:\/\/one.accountpay.de\/"},{"@type":"ListItem","position":2,"name":"AmaRefund \u00ae"}]},{"@type":"WebSite","@id":"https:\/\/one.accountpay.de\/#website","url":"https:\/\/one.accountpay.de\/","name":"DEVELOPMENT ECommerce-2-Datev","description":"Die Schnittstelle zwischen Steuerberater Onlineh\u00e4ndler und Buchhaltung - Auch f\u00fcr amazon business account","publisher":{"@id":"https:\/\/one.accountpay.de\/#organization"},"potentialAction":[{"@type":"SearchAction","target":{"@type":"EntryPoint","urlTemplate":"https:\/\/one.accountpay.de\/?s={search_term_string}"},"query-input":"required name=search_term_string"}],"inLanguage":"en-US"},{"@type":"Organization","@id":"https:\/\/one.accountpay.de\/#organization","name":"AccountOne UG","url":"https:\/\/one.accountpay.de\/","logo":{"@type":"ImageObject","inLanguage":"en-US","@id":"https:\/\/one.accountpay.de\/#\/schema\/logo\/image\/","url":"https:\/\/one.accountpay.de\/wp-content\/uploads\/2017\/03\/accountone_698.png","contentUrl":"https:\/\/one.accountpay.de\/wp-content\/uploads\/2017\/03\/accountone_698.png","width":526,"height":261,"caption":"AccountOne UG"},"image":{"@id":"https:\/\/one.accountpay.de\/#\/schema\/logo\/image\/"},"sameAs":["https:\/\/www.facebook.com\/AccountOneUG\/","https:\/\/twitter.com\/accountone_ug"]}]}},"_links":{"self":[{"href":"https:\/\/one.accountpay.de\/en\/wp-json\/wp\/v2\/pages\/6090"}],"collection":[{"href":"https:\/\/one.accountpay.de\/en\/wp-json\/wp\/v2\/pages"}],"about":[{"href":"https:\/\/one.accountpay.de\/en\/wp-json\/wp\/v2\/types\/page"}],"author":[{"embeddable":true,"href":"https:\/\/one.accountpay.de\/en\/wp-json\/wp\/v2\/users\/2"}],"replies":[{"embeddable":true,"href":"https:\/\/one.accountpay.de\/en\/wp-json\/wp\/v2\/comments?post=6090"}],"version-history":[{"count":1,"href":"https:\/\/one.accountpay.de\/en\/wp-json\/wp\/v2\/pages\/6090\/revisions"}],"predecessor-version":[{"id":11928,"href":"https:\/\/one.accountpay.de\/en\/wp-json\/wp\/v2\/pages\/6090\/revisions\/11928"}],"wp:attachment":[{"href":"https:\/\/one.accountpay.de\/en\/wp-json\/wp\/v2\/media?parent=6090"}],"curies":[{"name":"wp","href":"https:\/\/api.w.org\/{rel}","templated":true}]}}