{"id":6733,"date":"2019-12-02T15:27:32","date_gmt":"2019-12-02T14:27:32","guid":{"rendered":"https:\/\/www.accountone.de\/?page_id=6733"},"modified":"2020-04-22T15:45:47","modified_gmt":"2020-04-22T13:45:47","slug":"plentymarkets-datev-buchhaltungsschnittstelle","status":"publish","type":"page","link":"https:\/\/one.accountpay.de\/en\/plentymarkets-datev-buchhaltungsschnittstelle\/","title":{"rendered":"Plentymarkets Datev Buchhaltungsschnittstelle"},"content":{"rendered":"<p>[vc_row][vc_column][vc_empty_space height=&#8220;80px&#8220;][vc_column_text]<\/p>\n<h1 style=\"text-align: center;\">Plentymarkets Datev Buchhaltungs-Schnittstelle<\/h1>\n<p>[\/vc_column_text][vc_empty_space height=&#8220;80px&#8220;][\/vc_column][\/vc_row][vc_row content_width=&#8220;grid&#8220;][vc_column][qodef_elements_holder number_of_columns=&#8220;two-columns&#8220;][qodef_elements_holder_item horizontal_aligment=&#8220;center&#8220; vertical_alignment=&#8220;middle&#8220; hover_animation=&#8220;default&#8220;][vc_single_image image=&#8220;5922&#8243; img_size=&#8220;full&#8220; alignment=&#8220;center&#8220;][vc_column_text]<\/p>\n<h2>Die All-in-One L\u00f6sung f\u00fcr Ihre Buchhaltung<\/h2>\n<p>AccountOne bietet eine L\u00f6sung zur vollumf\u00e4nglichen Abwicklung der buchhalterischen Belange digitaler Bestellprozesse und deren Zahlungsstr\u00f6me. Dazu geh\u00f6rt neben dem Abruf, der steuerlichen Bewertung und der Bereitstellung perfekt abgestimmter Buchungsdaten auch der transaktionsbasierte Abgleich von Daten der Paymentserviceprodvider.<\/p>\n<p>Plentymarkets geh\u00f6rt zu den am h\u00e4ufigsten genutzten Warenwirtschaftssystemen unserer Kunden. Das schnelle Setup ist dank Cloudl\u00f6sung schnell vollbracht und die unz\u00e4hligen Anbindungen an die einzelnen Marktpl\u00e4tze lassen den Cross-Channel-Verkauf zu einem Kinderspiel werden, aber auch zur Herausforderung f\u00fcr die Buchhaltung. AccountOne ruft die Verkaufsdaten aus Plentymarkets automatisch per API ab und selektiert nach fein nach Marktpl\u00e4tzen um diese anschlie\u00dfend wieder in datevkompatible Buchhaltungsdaten umzuwandeln<\/p>\n<p>Die daraus gewonnen Daten erhalten Sie als stapelverarbeitungsf\u00e4hige Buchungsdaten welche Sie ohne weitere Vorkehrungen in die Buchhaltung einspielen k\u00f6nnen.[\/vc_column_text][\/qodef_elements_holder_item][\/qodef_elements_holder][vc_empty_space height=&#8220;80px&#8220;][vc_row_inner content_aligment=&#8220;center&#8220; css=&#8220;.vc_custom_1574945186064{border-radius: 25px !important;}&#8220;][vc_column_inner width=&#8220;1\/2&#8243;][qodef_button size=&#8220;large&#8220; type=&#8220;&#8220; hover_animation=&#8220;&#8220; target=&#8220;_blank&#8220; icon_pack=&#8220;font_awesome&#8220; fa_icon=&#8220;fa-rocket&#8220; font_weight=&#8220;&#8220; text=&#8220;14 Tage testen!&#8220; link=&#8220;https:\/\/service.accountone.de\/myaccountone\/?action=register&#8220;][vc_empty_space][\/vc_column_inner][vc_column_inner width=&#8220;1\/2&#8243;][qodef_button size=&#8220;large&#8220; type=&#8220;&#8220; hover_animation=&#8220;&#8220; target=&#8220;_blank&#8220; icon_pack=&#8220;font_awesome&#8220; fa_icon=&#8220;fa-tv&#8220; font_weight=&#8220;&#8220; text=&#8220;Webinar besuchen!&#8220; link=&#8220;https:\/\/one.accountpay.de\/demo\/&#8220;][vc_empty_space][\/vc_column_inner][\/vc_row_inner][vc_empty_space height=&#8220;48px&#8220;][\/vc_column][\/vc_row][vc_row content_width=&#8220;grid&#8220;][vc_column][qodef_process_holder number_of_columns=&#8220;columns-4&#8243;][qodef_process_item icon_pack=&#8220;font_awesome&#8220; fa_icon=&#8220;fa-cloud-upload&#8220; title_tag=&#8220;h3&#8243; title=&#8220;Automatischer Abruf der Verkaufsdaten&#8220; text=&#8220;Die Daten werden automatisch von Plentymarkets in AccountOne eingelesen inkl. Selektierung der ReffererID&#8217;s&#8220;][qodef_process_item icon_pack=&#8220;font_awesome&#8220; fa_icon=&#8220;fa-gears&#8220; title_tag=&#8220;h3&#8243; title=&#8220;Steuerliche Bewertung&#8220; text=&#8220;Jede transaktion wird von unser Matrix hinsichtlich der Umsatzsteuer bewertet&#8220;][qodef_process_item icon_pack=&#8220;font_awesome&#8220; fa_icon=&#8220;fa-feed&#8220; title_tag=&#8220;h3&#8243; title=&#8220;Erzeugen der Buchungss\u00e4tze&#8220; text=&#8220;Die OP Ausgleichsbuchungen, Geb\u00fchrenbuchungen und Auszahlungen werden erzeugt&#8220;][qodef_process_item icon_pack=&#8220;font_awesome&#8220; fa_icon=&#8220;fa-cloud-download&#8220; title_tag=&#8220;h3&#8243; title=&#8220;Export der Buchunggs\u00e4tze&#8220; text=&#8220;Export der Buchungss\u00e4tze im Datevformat&#8220;][\/qodef_process_holder][vc_empty_space][\/vc_column][\/vc_row][vc_row][vc_column][vc_empty_space height=&#8220;60px&#8220;][vc_row_inner][vc_column_inner][vc_column_text]<\/p>\n<h2 style=\"text-align: center;\">Wie die Sales aus Plentymarkets in die Buchhaltung zu Datev kommen<\/h2>\n<p>[\/vc_column_text][\/vc_column_inner][\/vc_row_inner][vc_empty_space height=&#8220;60px&#8220;][\/vc_column][\/vc_row][vc_row][vc_column width=&#8220;1\/2&#8243;][vc_column_text]<\/p>\n<h3>Wie kommen die Daten von Plentymarkets zu AccountOne?<\/h3>\n<p>[\/vc_column_text][vc_empty_space][vc_column_text]Von Plentymarkets in die Buchhaltung zu Datev ist ein grunds\u00e4tzlich komplexerer Ablauf als die \u00fcblichen Webshopsysteme. Als Warenwirtschaft sammelt Plentymarkets aus diversen Verkaufskan\u00e4len die Verkaufsauftr\u00e4ge und tr\u00e4gt diese zusammen. Um eine vern\u00fcnftige Diversifizierung zu schaffen k\u00f6nnen in AccountOne beim Import gezielt Verkaufskan\u00e4le ausgeschlossen werden und \u00fcber die hausinternen nativen Schnittstellen bezogen werden. So empfehlen wir beispielsweise den Abruf der Amazondaten direkt \u00fcber Amazon zu steuern da nur dann ein Abgleich mit den Zahlungen und eine ordnungsgem\u00e4\u00dfe steuerliche Bewertung stattfinden kann.<\/p>\n<p>Sehen Sie gerne auch unseren Eintrag direkt bei Plentymarkets an: <a href=\"https:\/\/marketplace.plentymarkets.com\/plugins\/integration\/accountone_6073\">Plenty Marketplace<\/a>[\/vc_column_text][vc_empty_space][\/vc_column][vc_column width=&#8220;1\/2&#8243;][vc_column_text]<\/p>\n<h3>Wie wird steuerliche Bewertung vorgenommen?<\/h3>\n<p>[\/vc_column_text][vc_empty_space][vc_column_text]Um aus Plentymarkets-Verk\u00e4ufen korrekte Buchungss\u00e4tze zu erzeugen und das richtige Erl\u00f6skonto anzusteuern verf\u00fcgt AccountOne \u00fcber eine umfangreiche umsatzsteuerliche Bewertungsmatrix. Jeder Verkaufsauftrag wird so aufgrund von Herkunfts- und Empfangsland, Art des Kunden und Artikels und diversen weiteren Faktoren umsatzsteuerlich bewertet. Diese Bewertung wird auch f\u00fcr an Plentymarkets angeschlossene Verkaufskan\u00e4le vorgenommen. Die daraus gewonnen Ergebnisse flie\u00dfen in die Kontierung des Umsatzes mit ein.[\/vc_column_text][vc_empty_space][\/vc_column][\/vc_row][vc_row][vc_column width=&#8220;1\/2&#8243;][vc_column_text]<\/p>\n<h3>Zuordnung der Zahlungseing\u00e4nge in WooCommerce FiBu Schnittstelle?<\/h3>\n<p>[\/vc_column_text][vc_empty_space][vc_column_text]Neben der umsatzsteuerlichen Bewertung der Verkaufsdaten aus Plentymarkets f\u00fcr die Buchhaltung in Datev, wird bereits in AccountOne eine Cashflowzuordnung vorgenommen. Damit wird bereits vor dem Export der Buchhaltungsdaten gepr\u00fcft welches Mittel der Endkunde genutzt hat um seine Bestellung zu bezahlen. Dies gilt auch f\u00fcr Verkaufskan\u00e4le mit Sammelauszahlung wie beispielsweise real.de. Anhand dessen wird ein spezieller Sammeldebitor angesprochen. Bei Zahlungseing\u00e4ngen die \u00fcber einen PSP (Paymentserviceprovider) wie zum Beispiel Mollie, Stripe, Amazonpay oder \u00c4hnliche eingehen, kann eine direkte automatische Zuordnung in AccountOne vorngenommen werden.<\/p>\n<p>Schauen Sie sich daf\u00fcr einfach mal unsere PSP-Buchhaltungsschnittstellen an:<\/p>\n<p><a href=\"https:\/\/one.accountpay.de\/en\/stripe-datev-buchhaltungs-schnittstelle\/\">Stripe 2 Daten &#8211; Buchhaltungsschnittstelle<\/a>[\/vc_column_text][vc_empty_space][\/vc_column][vc_column width=&#8220;1\/2&#8243;][vc_column_text]<\/p>\n<h3>Wie kommen die Buchungss\u00e4tze zu Datev?<\/h3>\n<p>[\/vc_column_text][vc_empty_space][vc_column_text]AccountOne stellt f\u00fcr die Zahlungen aus Stripe jeden Monat einen Datev kompatiblen CSV Satz bereit. Dieser wird regelm\u00e4\u00dfig mit den Pr\u00fcftools der Datev gepr\u00fcft und garantiert einen reibungslosen Import zu Datev. Dar\u00fcberhinaus ist unser Export in Datev Stapelverarbeitungsf\u00e4hig.<\/p>\n<p>Die Kontierung der Erl\u00f6s-, Aufwands- und Personenkonten kann nach Ihren individuellen Bed\u00fcrfnissen erfolgen. Wir stellen auch gerne unser Bestpractise Kontierungsmodell bereit welches anschlie\u00dfend aber noch angepasst werden kann.<\/p>\n<p>F\u00fcr jeden einzelnen Verkaufskanal in Plentymarkets k\u00f6nnen Sie in AccountOne einen eigenen Sammeldebitor anlegen.<\/p>\n<p>Sie m\u00fcssen also keinen ASCII Import anlegen, sondern k\u00f6nnen die Boardmittel von Datev verwenden um die Daten einzulesen. Das verhindert Fehler beim Import.[\/vc_column_text][vc_empty_space][\/vc_column][\/vc_row][vc_row][vc_column][vc_empty_space][vc_column_text]<\/p>\n<h2 style=\"text-align: center;\">Plentymarkets 2 Datev ganz einfach testen!<\/h2>\n<p>[\/vc_column_text][vc_empty_space][vc_column_text]Nichts ist bestechender als es selbst erlebt zu haben. Deswegen k\u00f6nnen Sie unsere All-in-One L\u00f6sung kostenfrei und unverbindlich testen. In diesem Test haben Sie uneingeschr\u00e4nkten Zugriff auf alle Funktionen unserer L\u00f6sung. Oder besuchen Sie eines unserer kostenfreie Webinare um mehr \u00fcber unsere Schnittstelle zwischen Stripe und Datev zu erfahren.[\/vc_column_text][vc_empty_space][vc_column_text]<\/p>\n<p style=\"text-align: center;\"><strong>Sie werden von uns w\u00e4hrend des Testzeitraum pers\u00f6nlich in der Einrichtung, dem Export und dem Import in Datev betreut.\u00a0<\/strong><\/p>\n<p>[\/vc_column_text][vc_empty_space][vc_row_inner content_width=&#8220;grid&#8220;][vc_column_inner width=&#8220;1\/4&#8243; css=&#8220;.vc_custom_1574944665635{margin-top: 20% !important;}&#8220;][\/vc_column_inner][vc_column_inner width=&#8220;1\/2&#8243;][vc_column_text]<strong>Im Testaccount enthalten:<\/strong>[\/vc_column_text][qodef_icon_list_item icon_pack=&#8220;font_awesome&#8220; fa_icon=&#8220;fa-cloud-upload&#8220; icon_size=&#8220;20&#8243; icon_color=&#8220;#ff6501&#8243; title=&#8220;Import aller Verkaufsauftr\u00e4ge aus Webshop, ERP oder Marketplace&#8220;][qodef_icon_list_item icon_pack=&#8220;font_awesome&#8220; fa_icon=&#8220;fa-cloud-upload&#8220; icon_size=&#8220;20&#8243; icon_color=&#8220;#ff6501&#8243; title=&#8220;Import aller Payments von allen PSPs&#8220;][qodef_icon_list_item icon_pack=&#8220;font_awesome&#8220; fa_icon=&#8220;fa-gears&#8220; icon_size=&#8220;20&#8243; icon_color=&#8220;#ff6501&#8243; title=&#8220;Umsatzsteuerliche Bewertung aller Transaktionen auf EU Ebene&#8220;][qodef_icon_list_item icon_pack=&#8220;font_awesome&#8220; fa_icon=&#8220;fa-gears&#8220; icon_size=&#8220;20&#8243; icon_color=&#8220;#ff6501&#8243; title=&#8220;Zuordnung der Payments zu den Verk\u00e4ufen&#8220;][qodef_icon_list_item icon_pack=&#8220;font_awesome&#8220; fa_icon=&#8220;fa-cloud-download&#8220; icon_size=&#8220;20&#8243; icon_color=&#8220;#ff6501&#8243; title=&#8220;Export im offiziellen Datevformat f\u00fcr alle Transaktionen&#8220;][qodef_icon_list_item icon_pack=&#8220;font_awesome&#8220; fa_icon=&#8220;fa-globe&#8220; icon_size=&#8220;20&#8243; icon_color=&#8220;#ff6501&#8243; title=&#8220;Und viele Funktionen mehr&#8220;][vc_column_text]Eine komplette \u00dcbersicht aller Funktionen finden Sie hier: <a href=\"https:\/\/one.accountpay.de\/en\/schnittstellen\/\" target=\"_blank\" rel=\"noopener noreferrer\">Alle Funktionen<\/a>[\/vc_column_text][vc_empty_space][\/vc_column_inner][vc_column_inner width=&#8220;1\/4&#8243;][\/vc_column_inner][\/vc_row_inner][vc_row_inner content_width=&#8220;grid&#8220; content_aligment=&#8220;center&#8220;][vc_column_inner width=&#8220;1\/2&#8243;][qodef_button size=&#8220;large&#8220; type=&#8220;&#8220; hover_animation=&#8220;&#8220; target=&#8220;_blank&#8220; icon_pack=&#8220;font_awesome&#8220; fa_icon=&#8220;fa-rocket&#8220; font_weight=&#8220;&#8220; text=&#8220;14 Tage testen!&#8220; link=&#8220;https:\/\/service.accountone.de\/myaccountone\/?action=register&#8220;][vc_empty_space][\/vc_column_inner][vc_column_inner width=&#8220;1\/2&#8243;][qodef_button size=&#8220;large&#8220; type=&#8220;&#8220; hover_animation=&#8220;&#8220; target=&#8220;_blank&#8220; icon_pack=&#8220;font_awesome&#8220; fa_icon=&#8220;fa-tv&#8220; font_weight=&#8220;&#8220; text=&#8220;Webinar besuchen!&#8220; link=&#8220;https:\/\/one.accountpay.de\/demo\/&#8220;][vc_empty_space][\/vc_column_inner][\/vc_row_inner][\/vc_column][\/vc_row]<\/p>","protected":false},"excerpt":{"rendered":"<p>[vc_row][vc_column][vc_empty_space height=&#8220;80px&#8220;][vc_column_text] Plentymarkets Datev Buchhaltungs-Schnittstelle [\/vc_column_text][vc_empty_space height=&#8220;80px&#8220;][\/vc_column][\/vc_row][vc_row content_width=&#8220;grid&#8220;][vc_column][qodef_elements_holder number_of_columns=&#8220;two-columns&#8220;][qodef_elements_holder_item horizontal_aligment=&#8220;center&#8220; vertical_alignment=&#8220;middle&#8220; hover_animation=&#8220;default&#8220;][vc_single_image image=&#8220;5922&#8243; img_size=&#8220;full&#8220; alignment=&#8220;center&#8220;][vc_column_text] Die All-in-One L\u00f6sung f\u00fcr Ihre Buchhaltung AccountOne bietet eine L\u00f6sung zur vollumf\u00e4nglichen Abwicklung der buchhalterischen Belange digitaler Bestellprozesse und deren Zahlungsstr\u00f6me. Dazu geh\u00f6rt neben dem &hellip; <a href=\"https:\/\/one.accountpay.de\/en\/plentymarkets-datev-buchhaltungsschnittstelle\/\">Read More<\/a><\/p>","protected":false},"author":2,"featured_media":0,"parent":0,"menu_order":0,"comment_status":"closed","ping_status":"closed","template":"","meta":[],"yoast_head":"<!-- This site is optimized with the Yoast SEO plugin v20.6 - https:\/\/yoast.com\/wordpress\/plugins\/seo\/ -->\n<title>Plentymarkets Datev Buchhaltungsschnittstelle - DEVELOPMENT ECommerce-2-Datev<\/title>\n<meta name=\"robots\" content=\"index, follow, max-snippet:-1, max-image-preview:large, max-video-preview:-1\" \/>\n<link rel=\"canonical\" href=\"https:\/\/one.accountpay.de\/en\/plentymarkets-datev-buchhaltungsschnittstelle\/\" \/>\n<meta property=\"og:locale\" content=\"en_US\" \/>\n<meta property=\"og:type\" content=\"article\" \/>\n<meta property=\"og:title\" content=\"Plentymarkets Datev Buchhaltungsschnittstelle - DEVELOPMENT ECommerce-2-Datev\" \/>\n<meta property=\"og:description\" content=\"[vc_row][vc_column][vc_empty_space height=&#8220;80px&#8220;][vc_column_text] Plentymarkets Datev Buchhaltungs-Schnittstelle [\/vc_column_text][vc_empty_space height=&#8220;80px&#8220;][\/vc_column][\/vc_row][vc_row content_width=&#8220;grid&#8220;][vc_column][qodef_elements_holder number_of_columns=&#8220;two-columns&#8220;][qodef_elements_holder_item horizontal_aligment=&#8220;center&#8220; vertical_alignment=&#8220;middle&#8220; hover_animation=&#8220;default&#8220;][vc_single_image image=&#8220;5922&#8243; img_size=&#8220;full&#8220; alignment=&#8220;center&#8220;][vc_column_text] Die All-in-One L\u00f6sung f\u00fcr Ihre Buchhaltung AccountOne bietet eine L\u00f6sung zur vollumf\u00e4nglichen Abwicklung der buchhalterischen Belange digitaler Bestellprozesse und deren Zahlungsstr\u00f6me. Dazu geh\u00f6rt neben dem &hellip; Read More\" \/>\n<meta property=\"og:url\" content=\"https:\/\/one.accountpay.de\/en\/plentymarkets-datev-buchhaltungsschnittstelle\/\" \/>\n<meta property=\"og:site_name\" content=\"DEVELOPMENT ECommerce-2-Datev\" \/>\n<meta property=\"article:publisher\" content=\"https:\/\/www.facebook.com\/AccountOneUG\/\" \/>\n<meta property=\"article:modified_time\" content=\"2020-04-22T13:45:47+00:00\" \/>\n<meta name=\"twitter:card\" content=\"summary_large_image\" \/>\n<meta name=\"twitter:site\" content=\"@accountone_ug\" \/>\n<meta name=\"twitter:label1\" content=\"Est. reading time\" \/>\n\t<meta name=\"twitter:data1\" content=\"7 minutes\" \/>\n<script type=\"application\/ld+json\" class=\"yoast-schema-graph\">{\"@context\":\"https:\/\/schema.org\",\"@graph\":[{\"@type\":\"WebPage\",\"@id\":\"https:\/\/one.accountpay.de\/plentymarkets-datev-buchhaltungsschnittstelle\/\",\"url\":\"https:\/\/one.accountpay.de\/plentymarkets-datev-buchhaltungsschnittstelle\/\",\"name\":\"Plentymarkets Datev Buchhaltungsschnittstelle - DEVELOPMENT ECommerce-2-Datev\",\"isPartOf\":{\"@id\":\"https:\/\/one.accountpay.de\/#website\"},\"datePublished\":\"2019-12-02T14:27:32+00:00\",\"dateModified\":\"2020-04-22T13:45:47+00:00\",\"breadcrumb\":{\"@id\":\"https:\/\/one.accountpay.de\/plentymarkets-datev-buchhaltungsschnittstelle\/#breadcrumb\"},\"inLanguage\":\"en-US\",\"potentialAction\":[{\"@type\":\"ReadAction\",\"target\":[\"https:\/\/one.accountpay.de\/plentymarkets-datev-buchhaltungsschnittstelle\/\"]}]},{\"@type\":\"BreadcrumbList\",\"@id\":\"https:\/\/one.accountpay.de\/plentymarkets-datev-buchhaltungsschnittstelle\/#breadcrumb\",\"itemListElement\":[{\"@type\":\"ListItem\",\"position\":1,\"name\":\"Startseite\",\"item\":\"https:\/\/one.accountpay.de\/\"},{\"@type\":\"ListItem\",\"position\":2,\"name\":\"Plentymarkets Datev Buchhaltungsschnittstelle\"}]},{\"@type\":\"WebSite\",\"@id\":\"https:\/\/one.accountpay.de\/#website\",\"url\":\"https:\/\/one.accountpay.de\/\",\"name\":\"DEVELOPMENT ECommerce-2-Datev\",\"description\":\"Die Schnittstelle zwischen Steuerberater Onlineh\u00e4ndler und Buchhaltung - Auch f\u00fcr amazon business account\",\"publisher\":{\"@id\":\"https:\/\/one.accountpay.de\/#organization\"},\"potentialAction\":[{\"@type\":\"SearchAction\",\"target\":{\"@type\":\"EntryPoint\",\"urlTemplate\":\"https:\/\/one.accountpay.de\/?s={search_term_string}\"},\"query-input\":\"required name=search_term_string\"}],\"inLanguage\":\"en-US\"},{\"@type\":\"Organization\",\"@id\":\"https:\/\/one.accountpay.de\/#organization\",\"name\":\"AccountOne UG\",\"url\":\"https:\/\/one.accountpay.de\/\",\"logo\":{\"@type\":\"ImageObject\",\"inLanguage\":\"en-US\",\"@id\":\"https:\/\/one.accountpay.de\/#\/schema\/logo\/image\/\",\"url\":\"https:\/\/one.accountpay.de\/wp-content\/uploads\/2017\/03\/accountone_698.png\",\"contentUrl\":\"https:\/\/one.accountpay.de\/wp-content\/uploads\/2017\/03\/accountone_698.png\",\"width\":526,\"height\":261,\"caption\":\"AccountOne UG\"},\"image\":{\"@id\":\"https:\/\/one.accountpay.de\/#\/schema\/logo\/image\/\"},\"sameAs\":[\"https:\/\/www.facebook.com\/AccountOneUG\/\",\"https:\/\/twitter.com\/accountone_ug\"]}]}<\/script>\n<!-- \/ Yoast SEO plugin. -->","yoast_head_json":{"title":"Plentymarkets Datev Buchhaltungsschnittstelle - DEVELOPMENT ECommerce-2-Datev","robots":{"index":"index","follow":"follow","max-snippet":"max-snippet:-1","max-image-preview":"max-image-preview:large","max-video-preview":"max-video-preview:-1"},"canonical":"https:\/\/one.accountpay.de\/en\/plentymarkets-datev-buchhaltungsschnittstelle\/","og_locale":"en_US","og_type":"article","og_title":"Plentymarkets Datev Buchhaltungsschnittstelle - DEVELOPMENT ECommerce-2-Datev","og_description":"[vc_row][vc_column][vc_empty_space height=&#8220;80px&#8220;][vc_column_text] Plentymarkets Datev Buchhaltungs-Schnittstelle [\/vc_column_text][vc_empty_space height=&#8220;80px&#8220;][\/vc_column][\/vc_row][vc_row content_width=&#8220;grid&#8220;][vc_column][qodef_elements_holder number_of_columns=&#8220;two-columns&#8220;][qodef_elements_holder_item horizontal_aligment=&#8220;center&#8220; vertical_alignment=&#8220;middle&#8220; hover_animation=&#8220;default&#8220;][vc_single_image image=&#8220;5922&#8243; img_size=&#8220;full&#8220; alignment=&#8220;center&#8220;][vc_column_text] Die All-in-One L\u00f6sung f\u00fcr Ihre Buchhaltung AccountOne bietet eine L\u00f6sung zur vollumf\u00e4nglichen Abwicklung der buchhalterischen Belange digitaler Bestellprozesse und deren Zahlungsstr\u00f6me. Dazu geh\u00f6rt neben dem &hellip; Read More","og_url":"https:\/\/one.accountpay.de\/en\/plentymarkets-datev-buchhaltungsschnittstelle\/","og_site_name":"DEVELOPMENT ECommerce-2-Datev","article_publisher":"https:\/\/www.facebook.com\/AccountOneUG\/","article_modified_time":"2020-04-22T13:45:47+00:00","twitter_card":"summary_large_image","twitter_site":"@accountone_ug","twitter_misc":{"Est. reading time":"7 minutes"},"schema":{"@context":"https:\/\/schema.org","@graph":[{"@type":"WebPage","@id":"https:\/\/one.accountpay.de\/plentymarkets-datev-buchhaltungsschnittstelle\/","url":"https:\/\/one.accountpay.de\/plentymarkets-datev-buchhaltungsschnittstelle\/","name":"Plentymarkets Datev Buchhaltungsschnittstelle - DEVELOPMENT ECommerce-2-Datev","isPartOf":{"@id":"https:\/\/one.accountpay.de\/#website"},"datePublished":"2019-12-02T14:27:32+00:00","dateModified":"2020-04-22T13:45:47+00:00","breadcrumb":{"@id":"https:\/\/one.accountpay.de\/plentymarkets-datev-buchhaltungsschnittstelle\/#breadcrumb"},"inLanguage":"en-US","potentialAction":[{"@type":"ReadAction","target":["https:\/\/one.accountpay.de\/plentymarkets-datev-buchhaltungsschnittstelle\/"]}]},{"@type":"BreadcrumbList","@id":"https:\/\/one.accountpay.de\/plentymarkets-datev-buchhaltungsschnittstelle\/#breadcrumb","itemListElement":[{"@type":"ListItem","position":1,"name":"Startseite","item":"https:\/\/one.accountpay.de\/"},{"@type":"ListItem","position":2,"name":"Plentymarkets Datev Buchhaltungsschnittstelle"}]},{"@type":"WebSite","@id":"https:\/\/one.accountpay.de\/#website","url":"https:\/\/one.accountpay.de\/","name":"DEVELOPMENT ECommerce-2-Datev","description":"Die Schnittstelle zwischen Steuerberater Onlineh\u00e4ndler und Buchhaltung - Auch f\u00fcr amazon business account","publisher":{"@id":"https:\/\/one.accountpay.de\/#organization"},"potentialAction":[{"@type":"SearchAction","target":{"@type":"EntryPoint","urlTemplate":"https:\/\/one.accountpay.de\/?s={search_term_string}"},"query-input":"required name=search_term_string"}],"inLanguage":"en-US"},{"@type":"Organization","@id":"https:\/\/one.accountpay.de\/#organization","name":"AccountOne UG","url":"https:\/\/one.accountpay.de\/","logo":{"@type":"ImageObject","inLanguage":"en-US","@id":"https:\/\/one.accountpay.de\/#\/schema\/logo\/image\/","url":"https:\/\/one.accountpay.de\/wp-content\/uploads\/2017\/03\/accountone_698.png","contentUrl":"https:\/\/one.accountpay.de\/wp-content\/uploads\/2017\/03\/accountone_698.png","width":526,"height":261,"caption":"AccountOne UG"},"image":{"@id":"https:\/\/one.accountpay.de\/#\/schema\/logo\/image\/"},"sameAs":["https:\/\/www.facebook.com\/AccountOneUG\/","https:\/\/twitter.com\/accountone_ug"]}]}},"_links":{"self":[{"href":"https:\/\/one.accountpay.de\/en\/wp-json\/wp\/v2\/pages\/6733"}],"collection":[{"href":"https:\/\/one.accountpay.de\/en\/wp-json\/wp\/v2\/pages"}],"about":[{"href":"https:\/\/one.accountpay.de\/en\/wp-json\/wp\/v2\/types\/page"}],"author":[{"embeddable":true,"href":"https:\/\/one.accountpay.de\/en\/wp-json\/wp\/v2\/users\/2"}],"replies":[{"embeddable":true,"href":"https:\/\/one.accountpay.de\/en\/wp-json\/wp\/v2\/comments?post=6733"}],"version-history":[{"count":0,"href":"https:\/\/one.accountpay.de\/en\/wp-json\/wp\/v2\/pages\/6733\/revisions"}],"wp:attachment":[{"href":"https:\/\/one.accountpay.de\/en\/wp-json\/wp\/v2\/media?parent=6733"}],"curies":[{"name":"wp","href":"https:\/\/api.w.org\/{rel}","templated":true}]}}